{"id":966,"date":"2018-09-14T13:40:02","date_gmt":"2018-09-14T11:40:02","guid":{"rendered":"https:\/\/fip-gluecksspiel.de\/gluecksspiel-verstehen\/"},"modified":"2019-03-26T14:30:54","modified_gmt":"2019-03-26T13:30:54","slug":"tim-hieu-tro-choi-do-den","status":"publish","type":"page","link":"https:\/\/gluecksspiel-berlin.de\/vi\/tim-hieu-tro-choi-do-den\/","title":{"rendered":"T\u00ecm hi\u1ec3u tr\u00f2 ch\u01a1i \u0111\u1ecf \u0111en"},"content":{"rendered":"<h2>Tr\u00f2 \u0111\u1ecf \u0111en l\u00e0 g\u00ec?<\/h2>\n<p>\u0110\u00f3 l\u00e0 c\u00e1c tr\u00f2 ch\u01a1i m\u00e0 ng\u01b0\u1eddi ch\u01a1i ph\u1ea3i tr\u1ea3 ti\u1ec1n v\u00e0 may m\u1eafn l\u00e0 y\u1ebfu t\u1ed1 ch\u00ednh ho\u1eb7c y\u1ebfu t\u1ed1 duy nh\u1ea5t quy\u1ebft \u0111\u1ecbnh t\u1edbi th\u1eafng thua.<\/p>\n<p>V\u00ed d\u1ee5 c\u00e1c tr\u00f2 nh\u01b0 x\u1ed5 s\u1ed1, th\u1ebb c\u00e0o ho\u1eb7c roulette. C\u00e1c tr\u00f2 d\u01b0\u1edbi \u0111\u00e2y c\u00f3 s\u1ee9c g\u00e2y nghi\u1ec7n \u0111\u1eb7c bi\u1ec7t l\u1edbn:<\/p>\n<p>[spoiler title=&#8217;M\u00e1y ch\u01a1i \u0103n ti\u1ec1n&#8217; style=&#8217;default&#8217; collapse_link=&#8217;true&#8217;]<\/p>\n<ul>\n<li>M\u1ee5c \u0111\u00edch ch\u01a1i \u1edf \u0111a s\u1ed1 c\u00e1c m\u00e1y l\u00e0 quay \u0111\u01b0\u1ee3c 3 k\u00fd hi\u1ec7u gi\u1ed1ng nhau<\/li>\n<li>Th\u00f4ng qua n\u00fat Stop, ng\u01b0\u1eddi ch\u01a1i bi\u1ebft \u0111\u01b0\u1ee3c r\u1eb1ng m\u00ecnh l\u00e0 ng\u01b0\u1eddi \u0111i\u1ec1u khi\u1ec3n \u0111\u01b0\u1ee3c tr\u00f2 ch\u01a1i<\/li>\n<li>Th\u1ef1c t\u1ebf th\u00ec tr\u00f2 ch\u01a1i b\u1ecb ph\u1ee5 thu\u1ed9c ho\u00e0n to\u00e0n v\u00e0o \u0111\u1ecf \u0111en<\/li>\n<li>V\u00f2ng quay c\u1ee7a tr\u00f2 ch\u01a1i di\u1ec5n ra r\u1ea5t nhanh, ch\u1ec9 v\u00e0i gi\u00e2y<\/li>\n<\/ul>\n<p>[\/spoiler]<\/p>\n<p>[spoiler title=&#8217;C\u00e1 \u0111\u1ed9 th\u1ec3 thao&#8217; style=&#8217;default&#8217; collapse_link=&#8217;true&#8217;]<\/p>\n<ul>\n<li>M\u1ee5c \u0111\u00edch c\u1ee7a tr\u00f2 ch\u01a1i l\u00e0 c\u00e1 c\u01b0\u1ee3c k\u1ebft qu\u1ea3 c\u1ee7a c\u00e1c s\u1ef1 ki\u1ec7n th\u1ec3 thao, v\u00ed d\u1ee5 nh\u01b0 b\u00f3ng \u0111\u00e1.<\/li>\n<li>Kh\u00f4ng ch\u1ec9 c\u00e1 c\u01b0\u1ee3c k\u1ebft qu\u1ea3 c\u1ee7a tr\u1eadn \u0111\u1ea5u m\u00e0 c\u00f2n c\u00f3 th\u1ec3 c\u00e1 c\u01b0\u1ee3c c\u00e1c s\u1ef1 ki\u1ec7n di\u1ec5n ra trong tr\u1eadn \u0111\u1ea5u, v\u00ed d\u1ee5 nh\u01b0 c\u00e1 c\u01b0\u1ee3c s\u1ed1 th\u1ebb v\u00e0ng.<\/li>\n<li>K\u1ec3 c\u1ea3 khi tr\u1eadn \u0111\u1ea5u \u0111ang di\u1ec5n ra, b\u1eb1ng h\u00ecnh th\u1ee9c c\u00e1 \u0111\u1ed9 tr\u1ef1c tuy\u1ebfn th\u00ec ng\u01b0\u1eddi ch\u01a1i c\u00f3 th\u1ec3 c\u00e1 c\u01b0\u1ee3c c\u00e1c s\u1ef1 ki\u1ec7n kh\u00e1c nhau.<\/li>\n<li>C\u00e1c c\u01b0\u1ee3c tr\u1ef1c tuy\u1ebfn c\u00f3 s\u1ee9c cu\u1ed1n h\u00fat \u0111\u1eb7c bi\u1ec7t v\u1edbi nhi\u1ec1u ng\u01b0\u1eddi ch\u01a1i b\u1edfi c\u00e1c y\u1ebfu t\u1ed1 v\u1ec1 th\u1eddi gian khi\u1ebfn cho tr\u1eadn \u0111\u1ea5u di\u1ec5n ra nhanh h\u01a1n v\u00e0 do \u0111\u00f3 k\u1ecbch t\u00edch h\u01a1n.<\/li>\n<\/ul>\n<p>[\/spoiler]<\/p>\n<p>[spoiler title=&#8217;Tr\u00f2 Poker&#8217; style=&#8217;default&#8217; collapse_link=&#8217;true&#8217;]<\/p>\n<ul>\n<li>M\u1ee5c \u0111\u00edch tr\u00f2 ch\u01a1i l\u00e0 chi\u1ebfn th\u1eafng \u0111\u1ed1i th\u1ee7 v\u1edbi qu\u00e2n b\u00e0i c\u1ee7a m\u00ecnh b\u1eb1ng c\u00e1ch \u0111\u1ea1t \u0111\u01b0\u1ee3c c\u00e1c qu\u00e2n b\u00e0i t\u1ed1t nh\u1ea5t ho\u1eb7c b\u1eb1ng c\u00e1ch &#8220;bluff&#8221;.<\/li>\n<li>&#8220;Bluff&#8221; \u1edf \u0111\u00e2y c\u00f3 ngh\u0129a l\u00e0 gi\u1ea3 b\u1ed9 nh\u01b0 m\u00ecnh c\u00f3 qu\u00e2n b\u00e0i t\u1ed1t. N\u1ebfu \u0111\u1ed1i th\u1ee7 tin th\u00ec \u0111i\u1ec1u \u0111\u00f3 s\u1ebd mang l\u1ea1i l\u1ee3i th\u1ebf.<\/li>\n<li>Th\u00f4ng qua nhi\u1ec1u ch\u01b0\u01a1ng tr\u00ecnh truy\u1ec1n h\u00ecnh, v\u00ed d\u1ee5 nh\u01b0 c\u1ee7a Stefan Raab ho\u1eb7c Boris Becker, t\u00ednh h\u1ea5p d\u1eabn c\u1ee7a tr\u00f2 ch\u01a1i n\u00e0y \u0111\u00e3 t\u0103ng cao trong nh\u1eefng n\u0103m g\u1ea7n \u0111\u00e2y.<\/li>\n<\/ul>\n<p>[\/spoiler]<\/p>\n<h2>Nghi\u1ec7n ch\u01a1i tr\u00f2 \u0111\u1ecf \u0111en \u0111\u00e3 \u0111\u01b0\u1ee3c c\u00f4ng nh\u1eadn l\u00e0 m\u1ed9t lo\u1ea1i b\u1ec7nh<\/h2>\n<h3>Trong v\u00f2ng 12 th\u00e1ng ph\u1ea3i c\u00f3 \u00edt nh\u1ea5t 4 ti\u00eau ch\u00ed<\/h3>\n<ul>\n<li>Suy ngh\u0129 lu\u00f4n h\u01b0\u1edbng t\u1edbi tr\u00f2 ch\u01a1i \u0111\u1ecf \u0111en<\/li>\n<li>S\u1ed1 ti\u1ec1n \u0111\u1ea7u t\u01b0 ch\u01a1i ng\u00e0y c\u00e0ng cao<\/li>\n<li>\u0110\u00e3 nhi\u1ec1u l\u1ea7n th\u1eed b\u1ecf nh\u01b0ng \u0111\u1ec1u b\u1ea5t b\u1ea1i<\/li>\n<li>Khi th\u1eed b\u1ecf \u0111\u1ec1u c\u1ea3m th\u1ea5y b\u1ea5t an v\u00e0 n\u00f3ng n\u1ea3y<\/li>\n<li>Ch\u01a1i th\u01b0\u1eddng xuy\u00ean h\u01a1n khi cu\u1ed9c s\u1ed1ng g\u1eb7p c\u00e1c v\u1ea5n \u0111\u1ec1 kh\u00f3 kh\u0103n<\/li>\n<li>L\u1ea7n ch\u01a1i ti\u1ebfp theo l\u00e0 \u0111\u1ec3 g\u1ee1 l\u1ea1i s\u1ed1 ti\u1ec1n thua \u1edf l\u1ea7n ch\u01a1i tr\u01b0\u1edbc<\/li>\n<li>L\u1eeba d\u1ed1i \u0111\u1ed3ng nghi\u1ec7p, b\u1ea1n b\u00e8, ng\u01b0\u1eddi th\u00e2n \u0111\u1ec3 gi\u1ea5u di\u1ebfm c\u00e1c v\u1ea5n \u0111\u1ec1 v\u1ec1 ch\u01a1i tr\u00f2 \u0111\u1ecf \u0111en ho\u1eb7c \u0111\u1ec3 c\u00f3 th\u00eam \u0111\u01b0\u1ee3c ti\u1ec1n ch\u01a1i.<\/li>\n<li>C\u00e1c m\u1ed1i quan h\u1ec7 x\u00e3 h\u1ed9i quan tr\u1ecdng b\u1ecb \u0111e d\u1ecda<\/li>\n<li>Lu\u00f4n hy v\u1ecdng nh\u1eadn \u0111\u01b0\u1ee3c ti\u1ec1n t\u1eeb ng\u01b0\u1eddi quen ho\u1eb7c ng\u01b0\u1eddi th\u00e2n<\/li>\n<\/ul>\n","protected":false},"excerpt":{"rendered":"<p>Tr\u00f2 \u0111\u1ecf \u0111en l\u00e0 g\u00ec? \u0110\u00f3 l\u00e0 c\u00e1c tr\u00f2 ch\u01a1i m\u00e0 ng\u01b0\u1eddi ch\u01a1i ph\u1ea3i tr\u1ea3 ti\u1ec1n v\u00e0 may m\u1eafn l\u00e0 y\u1ebfu t\u1ed1 ch\u00ednh ho\u1eb7c y\u1ebfu t\u1ed1 duy nh\u1ea5t quy\u1ebft \u0111\u1ecbnh&hellip; <a class=\"excerpt-more-link\" href=\"https:\/\/gluecksspiel-berlin.de\/vi\/tim-hieu-tro-choi-do-den\/\">Read More<\/a><\/p>\n","protected":false},"author":6,"featured_media":0,"parent":0,"menu_order":10,"comment_status":"closed","ping_status":"closed","template":"page-templates\/no-sidebar.php","meta":{"footnotes":""},"class_list":["post-966","page","type-page","status-publish","hentry"],"_links":{"self":[{"href":"https:\/\/gluecksspiel-berlin.de\/vi\/wp-json\/wp\/v2\/pages\/966","targetHints":{"allow":["GET"]}}],"collection":[{"href":"https:\/\/gluecksspiel-berlin.de\/vi\/wp-json\/wp\/v2\/pages"}],"about":[{"href":"https:\/\/gluecksspiel-berlin.de\/vi\/wp-json\/wp\/v2\/types\/page"}],"author":[{"embeddable":true,"href":"https:\/\/gluecksspiel-berlin.de\/vi\/wp-json\/wp\/v2\/users\/6"}],"replies":[{"embeddable":true,"href":"https:\/\/gluecksspiel-berlin.de\/vi\/wp-json\/wp\/v2\/comments?post=966"}],"version-history":[{"count":4,"href":"https:\/\/gluecksspiel-berlin.de\/vi\/wp-json\/wp\/v2\/pages\/966\/revisions"}],"predecessor-version":[{"id":1345,"href":"https:\/\/gluecksspiel-berlin.de\/vi\/wp-json\/wp\/v2\/pages\/966\/revisions\/1345"}],"wp:attachment":[{"href":"https:\/\/gluecksspiel-berlin.de\/vi\/wp-json\/wp\/v2\/media?parent=966"}],"curies":[{"name":"wp","href":"https:\/\/api.w.org\/{rel}","templated":true}]}}