{"id":669,"date":"2019-01-10T16:04:33","date_gmt":"2019-01-10T15:04:33","guid":{"rendered":"https:\/\/fip-gluecksspiel.de\/?page_id=669"},"modified":"2020-06-25T11:47:15","modified_gmt":"2020-06-25T09:47:15","slug":"chung-toi-tien-hanh-the-nao","status":"publish","type":"page","link":"https:\/\/gluecksspiel-berlin.de\/vi\/chung-toi-tien-hanh-the-nao\/","title":{"rendered":"Ch\u00fang t\u00f4i ti\u1ebfn h\u00e0nh th\u1ebf n\u00e0o?"},"content":{"rendered":"<h2>Mi\u1ec5n ph\u00ed v\u00e0 n\u1eb7c danh<\/h2>\n<p>Vi\u1ec7c t\u01b0 v\u1ea5n \u0111\u01b0\u1ee3c th\u1ef1c hi\u1ec7n mi\u1ec5n ph\u00ed v\u00e0 n\u1eb7c danh. Ngh\u0129a l\u00e0 b\u1ea1n kh\u00f4ng ph\u1ea3i tr\u1ea3 \u0111\u1ed3ng n\u00e0o v\u00e0 kh\u00f4ng c\u1ea7n ph\u1ea3i n\u00eau t\u00ean m\u00ecnh.<\/p>\n<h2>Tin c\u1eady v\u00e0 k\u00edn \u0111\u00e1o<\/h2>\n<p>Nh\u00e2n vi\u00ean c\u1ee7a ch\u00fang t\u00f4i c\u00f3 ngh\u0129a v\u1ee5 b\u1ea3o m\u1eadt.<\/p>\n<p>Ngh\u0129a l\u00e0 h\u1ecd kh\u00f4ng \u0111\u01b0\u1ee3c ph\u00e9p cung c\u1ea5p th\u00f4ng tin c\u1ee7a b\u1ea1n cho nh\u1eefng ng\u01b0\u1eddi kh\u00e1c. K\u1ec3 c\u1ea3 nh\u1eefng ng\u01b0\u1eddi th\u00e2n trong gia \u0111\u00ecnh b\u1ea1n c\u0169ng kh\u00f4ng nh\u1eadn \u0111\u01b0\u1ee3c th\u00f4ng tin n\u00e0o. V\u00ed d\u1ee5 th\u00f4ng tin v\u1ec1 nh\u1eefng c\u00e2u h\u1ecfi b\u1ea1n \u0111\u1ec1 c\u1eadp \u0111\u1ebfn trong bu\u1ed5i n\u00f3i chuy\u1ec7n.<\/p>\n<h2>Th\u00f4ng tin v\u00e0 tr\u1ee3 gi\u00fap<\/h2>\n<ul>\n<li>H\u00e3y t\u00ecm hi\u1ec3u v\u1ec1 nh\u1eefng \u0111\u1eb7c th\u00f9 v\u00e0 c\u00e1c r\u1ee7i ro c\u1ee7a tr\u00f2 \u0111\u1ecf \u0111en.<\/li>\n<li>H\u00e3y c\u00f9ng c\u00e1c chuy\u00ean gia l\u00e0m r\u00f5 c\u00e1ch \u0111\u00e1nh gi\u00e1 h\u00e0nh vi ch\u01a1i tr\u00f2 \u0111\u1ecf \u0111en c\u1ee7a m\u00ecnh.<\/li>\n<li>T\u00ecm ra c\u00e1c ngu\u1ed3n tr\u1ee3 gi\u00fap th\u00edch h\u1ee3p g\u1ea7n n\u01a1i m\u00ecnh \u1edf.<\/li>\n<li>C\u00e1c chuy\u00ean gia kh\u00e1c s\u1ebd c\u00f9ng b\u1ea1n \u0111\u1ed3ng h\u00e0nh t\u1edbi n\u01a1i b\u1ea1n mu\u1ed1n.<\/li>\n<\/ul>\n<hr \/>\n<h2>T\u01b0 v\u1ea5n b\u1eb1ng c\u00e1c ng\u00f4n ng\u1eef kh\u00e1c<\/h2>\n<p>Nh\u1edd s\u1ef1 c\u1ed9ng t\u00e1c v\u1edbi c\u00e1c phi\u00ean d\u1ecbch v\u00e0 c\u00e1c \u0111\u1ed1i t\u00e1c, ch\u00fang t\u00f4i c\u00f3 th\u1ec3 t\u01b0 v\u1ea5n b\u1eb1ng c\u00e1c ng\u00f4n ng\u1eef sau:<\/p>\n<ul>\n<li>Ti\u1ebfng \u0110\u1ee9c<\/li>\n<li>Ti\u1ebfng Anh<\/li>\n<li>Ti\u1ebfng Th\u1ed5 Nh\u0129 K\u1ef3<\/li>\n<li>Ti\u1ebfng \u1ea2 R\u1eadp<\/li>\n<li>Ti\u1ebfng Nga<\/li>\n<li>Ti\u1ebfng Ba Lan<\/li>\n<li>Ti\u1ebfng Vi\u1ec7t<\/li>\n<\/ul>\n<p>B\u1ea1n kh\u00f4ng ph\u1ea3i thanh to\u00e1n chi ph\u00ed d\u1ecbch thu\u1eadt.<\/p>\n<hr \/>\n<h2>Tr\u1ee3 gi\u00fap d\u00e0nh cho ng\u01b0\u1eddi th\u00e2n<\/h2>\n<p>Quan tr\u1ecdng l\u00e0 ph\u1ea3i n\u00f3i chuy\u1ec7n m\u1ed9t c\u00e1ch c\u1edfi m\u1edf v\u1edbi ng\u01b0\u1eddi m\u00e0 b\u1ea1n lo l\u1eafng. B\u1ea1n h\u00e3y \u0111\u01b0a ra s\u1ef1 gi\u00fap \u0111\u1ee1 c\u1ee7a m\u00ecnh, v\u00ed d\u1ee5<\/p>\n<ul>\n<li>h\u00e3y quan t\u00e2m t\u1edbi ng\u01b0\u1eddi \u0111\u00f3 ch\u1ee9 kh\u00f4ng ch\u1ec9 quan t\u00e2m t\u1edbi v\u1ea5n \u0111\u1ec1 c\u1ee7a h\u1ecd<\/li>\n<li>\u0111\u1eebng v\u00f4 h\u1ea1i h\u00f3a v\u1ea5n \u0111\u1ec1.<\/li>\n<li>h\u00e3y \u0111\u1ec1 c\u1eadp th\u1eb3ng t\u1edbi c\u00e1c lo l\u1eafng.<\/li>\n<li>h\u00e3y \u0111\u01b0a ra c\u00e1c h\u1eadu qu\u1ea3 (kh\u00f4ng ch\u1ec9 \u0111e d\u1ecda).<\/li>\n<li>h\u00e3y v\u1ea1ch ra ranh gi\u1edbi r\u00f5 r\u00e0ng.<\/li>\n<li>kh\u00f4ng n\u00ean n\u00f3i d\u1ed1i \u0111\u1ec3 gi\u00fap \u0111\u1ee1 nh\u1eefng ng\u01b0\u1eddi ch\u01a1i tr\u00f2 \u0111\u1ecf \u0111en.<\/li>\n<li>h\u00e3y c\u00f9ng ng\u01b0\u1eddi \u0111\u00f3 t\u1edbi n\u01a1i t\u01b0 v\u1ea5n.<\/li>\n<li>h\u00e3y t\u00ecm ki\u1ebfm tr\u1ee3 gi\u00fap \u1edf nh\u1eefng c\u01a1 s\u1edf li\u00ean l\u1ea1c v\u00e0 t\u01b0 v\u1ea5n.<\/li>\n<\/ul>\n<p><strong>Quan tr\u1ecdng:<\/strong> B\u1ea1n kh\u00f4ng c\u00f3 l\u1ed7i trong chuy\u1ec7n n\u00e0y!<\/p>\n<div class=\"box lightgrey-box\">\n<p>H\u00e3y b\u1eaft \u0111\u1ea7u li\u00ean h\u1ec7!<\/p>\n<p>H\u00e3y g\u1ecdi \u0111i\u1ec7n!<\/p>\n<p>Th\u1eddi gian \u0111i\u1ec7n \u0111\u00e0m: Th\u1ee9 Hai &#8211; Th\u1ee9 S\u00e1u t\u1eeb 9:00 \u0111\u1ebfn 18:00 gi\u1edd<\/p>\n<p>N\u1ebfu g\u1ecdi \u0111i\u1ec7n m\u00e0 kh\u00f4ng g\u1eb7p ch\u00fang t\u00f4i, b\u1ea1n h\u00e3y \u0111\u1ec3 l\u1ea1i tin nh\u1eafn v\u00e0o h\u1ed9p tho\u1ea1i. Ch\u00fang t\u00f4i s\u1ebd vui l\u00f2ng g\u1ecdi \u0111i\u1ec7n l\u1ea1i!<\/p>\n<p><strong><a href=\"mailto:cafe.beispiellos.mobil@caritas-berlin.de\">cafe.beispiellos.mobil@caritas-berlin.de<\/a><\/strong><\/p>\n<\/div>\n","protected":false},"excerpt":{"rendered":"<p>Mi\u1ec5n ph\u00ed v\u00e0 n\u1eb7c danh Vi\u1ec7c t\u01b0 v\u1ea5n \u0111\u01b0\u1ee3c th\u1ef1c hi\u1ec7n mi\u1ec5n ph\u00ed v\u00e0 n\u1eb7c danh. Ngh\u0129a l\u00e0 b\u1ea1n kh\u00f4ng ph\u1ea3i tr\u1ea3 \u0111\u1ed3ng n\u00e0o v\u00e0 kh\u00f4ng c\u1ea7n ph\u1ea3i n\u00eau t\u00ean&hellip; <a class=\"excerpt-more-link\" href=\"https:\/\/gluecksspiel-berlin.de\/vi\/chung-toi-tien-hanh-the-nao\/\">Read More<\/a><\/p>\n","protected":false},"author":6,"featured_media":0,"parent":0,"menu_order":5,"comment_status":"closed","ping_status":"closed","template":"page-templates\/no-sidebar.php","meta":{"footnotes":""},"class_list":["post-669","page","type-page","status-publish","hentry"],"_links":{"self":[{"href":"https:\/\/gluecksspiel-berlin.de\/vi\/wp-json\/wp\/v2\/pages\/669","targetHints":{"allow":["GET"]}}],"collection":[{"href":"https:\/\/gluecksspiel-berlin.de\/vi\/wp-json\/wp\/v2\/pages"}],"about":[{"href":"https:\/\/gluecksspiel-berlin.de\/vi\/wp-json\/wp\/v2\/types\/page"}],"author":[{"embeddable":true,"href":"https:\/\/gluecksspiel-berlin.de\/vi\/wp-json\/wp\/v2\/users\/6"}],"replies":[{"embeddable":true,"href":"https:\/\/gluecksspiel-berlin.de\/vi\/wp-json\/wp\/v2\/comments?post=669"}],"version-history":[{"count":7,"href":"https:\/\/gluecksspiel-berlin.de\/vi\/wp-json\/wp\/v2\/pages\/669\/revisions"}],"predecessor-version":[{"id":2067,"href":"https:\/\/gluecksspiel-berlin.de\/vi\/wp-json\/wp\/v2\/pages\/669\/revisions\/2067"}],"wp:attachment":[{"href":"https:\/\/gluecksspiel-berlin.de\/vi\/wp-json\/wp\/v2\/media?parent=669"}],"curies":[{"name":"wp","href":"https:\/\/api.w.org\/{rel}","templated":true}]}}