{"id":1101,"date":"2018-09-05T13:57:08","date_gmt":"2018-09-05T11:57:08","guid":{"rendered":"https:\/\/fip-gluecksspiel.de\/datenschutzerklaerung\/"},"modified":"2020-11-09T14:36:14","modified_gmt":"2020-11-09T13:36:14","slug":"datenschutzerklaerung","status":"publish","type":"page","link":"https:\/\/gluecksspiel-berlin.de\/vi\/datenschutzerklaerung\/","title":{"rendered":"Datenschutzerkl\u00e4rung"},"content":{"rendered":"<p>Sehr geehrte Besucherinnen und Besucher unserer Webseite,<\/p>\n<p>im Folgenden m\u00f6chten wir Sie dar\u00fcber informieren, welche Ihrer Daten auf dieser Website erfragt und gespeichert werden und wie wir mit diesen Daten umgehen. Die folgenden Datenschutzbestimmungen sind daf\u00fcr gedacht, Sie \u00fcber unsere Handhabung der Erhebung, Verwendung und Weitergabe von personenbezogenen Daten zu informieren. Wir bitten Sie, sich diese Hinweise zum Datenschutz regelm\u00e4\u00dfig durchzulesen, da sie sich hin und wieder \u00e4ndern k\u00f6nnen.<\/p>\n<h2>Verantwortlicher<\/h2>\n<p>Verantwortlicher f\u00fcr personenbezogene Daten, die \u00fcber diese Webseite erhoben werden, ist der Caritasverband f\u00fcr das Erzbistum Berlin e.V., Residenzstra\u00dfe 90, 13409 Berlin (\u201eCaritasverband Berlin\u201c oder \u201ewir\u201c).<\/p>\n<h2>Nutzungsdaten<\/h2>\n<p>Wenn Sie unsere Webseite besuchen, werden auf unserem Webserver tempor\u00e4r so genannte Nutzungsdaten zu statistischen Zwecken als Protokoll gespeichert, um die Qualit\u00e4t unserer Webseite zu verbessern. Diese von uns verfolgten Zwecke stellen zugleich das berechtigte Interesse im Sinne der Rechtsgrundlage, \u00a7 6 Abs. 1 Buchstabe g KDG dar. Der Datensatz besteht aus:<\/p>\n<ul>\n<li>der IP-Adresse des anfragenden Rechners<\/li>\n<li>dem Datum und der Uhrzeit der Abfrage<\/li>\n<li>der Seite, von der aus die Datei angefordert wurde<\/li>\n<li>Wenn unsere Webseite E-Mails empf\u00e4ngt, wird das so genannte Mail.log gespeichert. Darin sind Informationen zu Absender, Empf\u00e4nger und Zeitpunkt des Mailversandes enthalten.<\/li>\n<\/ul>\n<h2>Einsatz von Cookies<\/h2>\n<p>Cookies sind kleine Dateien, die auf der Festplatte eines Besuchers abgelegt werden. Sie erlauben es, Informationen \u00fcber einen bestimmten Zeitraum vorzuhalten und den Rechner des Besuchers zu identifizieren. Zur besseren Benutzerf\u00fchrung und individuellen Leistungsdarstellung setzen wir permanente Cookies ein. Diese von uns verfolgten Zwecke stellen zugleich das berechtigte Interesse im Sinne der Rechtsgrundlage des \u00a7 6 Abs. 1 Buchstabe g KDG dar. Ferner verwenden wir sog. Session-Cookies, die automatisch gel\u00f6scht werden, wenn Sie Ihren Browser schlie\u00dfen. Sie k\u00f6nnen Ihren Browser so einstellen, dass er Sie \u00fcber die Platzierung von Cookies informiert. So wird der Gebrauch von Cookies f\u00fcr Sie transparent.<\/p>\n<h2>Einsatz von Google Analytics<\/h2>\n<p>Zur bedarfsgerechten Gestaltung unserer Webseite erstellen wir auf Grundlage von \u00a7 6 Abs. 1 Buchstabe g KDG pseudonyme Nutzungsprofile mit Hilfe von Google Analytics. Es handelt sich dabei um ein Produkt der Google Inc. (\u201eGoogle\u201c), Amphitheatre Parkway, Mountain View, CA 94043, USA. Google Analytics verwendet \u201eCookies\u201c, also Textdateien, die auf Ihrem Computer gespeichert werden und die eine Analyse der Benutzung der Webseite durch Sie erm\u00f6glichen. Die durch den Cookie erzeugten Informationen \u00fcber Ihre Benutzung dieser Webseite werden in der Regel an einen Server von Google in den USA \u00fcbertragen und dort gespeichert. Da wir die IP-Anonymisierung auf dieser Webseite aktiviert haben, wird Ihre IP-Adresse von Google jedoch zuvor innerhalb von Mitgliedstaaten der Europ\u00e4ischen Union oder in anderen Vertragsstaaten des Abkommens \u00fcber den Europ\u00e4ischen Wirtschaftsraum gek\u00fcrzt. Nur in Ausnahmef\u00e4llen wird die volle IP-Adresse an einen Server von Google in den USA \u00fcbertragen und erst dort gek\u00fcrzt. Google wird diese Informationen benutzen, um Ihre Nutzung der Webseite f\u00fcr uns auszuwerten, um Reports \u00fcber die Webseitenaktivit\u00e4ten zusammenzustellen und um weitere mit der Webseitennutzung und der Internetnutzung verbundene Dienstleistungen gegen\u00fcber uns zu erbringen. Diese von uns verfolgten Zwecke stellen zugleich das berechtigte Interesse im Sinne von \u00a7 6 Abs. 1 Buchstabe g KDG dar.<\/p>\n<p>Sie k\u00f6nnen der Erstellung der pseudonymen Nutzungsprofile jederzeit widersprechen. Hierzu gibt es mehrere M\u00f6glichkeiten:<\/p>\n<ol>\n<li>Eine M\u00f6glichkeit, der Webanalyse durch Google Analytics zu widersprechen, besteht darin, einen Opt-Out-Cookie zu setzten, welcher Google anweist, Ihre Daten nicht f\u00fcr Zwecke der Webanalyse zu speichern oder zu nutzen. Bitte beachten Sie, dass bei dieser L\u00f6sung die Webanalyse nur so lange nicht erfolgen wird, wie der Opt-Out-Cookie vom Browser gespeichert wird. Wenn Sie den Opt-Out-Cookie jetzt setzen m\u00f6chten, klicken Sie bitte <a>Google Analytics deaktivieren<\/a>.<\/li>\n<li>Sie k\u00f6nnen die Speicherung der Cookies durch eine entsprechende Einstellung Ihrer Browser-Software verhindern.<\/li>\n<li>Je nach dem von Ihnen verwendeten Browser, haben Sie die M\u00f6glichkeit, ein Browser-Plugin zu installieren, welches das Tracking verhindert. Dazu <a href=\"http:\/\/tools.google.com\/dlpage\/gaoptout?hl=de\">klicken Sie bitte hier<\/a> und installieren das dort abrufbare Browser-Plugin.<\/li>\n<\/ol>\n<h2>Kontaktaufnahme<\/h2>\n<p>Sie haben die M\u00f6glichkeit, mit uns mittels elektronischer Post sowie telefonisch in Kontakt zu treten. Ihre dabei anfallenden Daten werden lediglich zur Beantwortung Ihrer Anfrage verarbeitet. Eine Weitergabe an Dritte erfolgt nur, soweit dies f\u00fcr die Bearbeitung Ihres Anliegens erforderlich ist. Die Rechtsgrundlage f\u00fcr die Nutzung Ihrer dabei anfallenden Daten bildet \u00a7 6 Abs. 1 Buchstabe g KDG. Wir haben ein berechtigtes Interesse daran, im Kontakt mit den Nutzern der Webseite zu sein und gegebenenfalls gestellte Fragen zu beantworten oder Informationen zu versenden.<\/p>\n<h2>Dauer der Datenspeicherung<\/h2>\n<p>Als Kriterium f\u00fcr die Dauer der Datenspeicherung dient f\u00fcr uns die Erforderlichkeit der Daten unter Wahrung des Grundsatzes der Datensparsamkeit. Ihre Daten speichern wir nur solange, wie diese f\u00fcr die Erbringung unserer Dienstleistungen erforderlich sind und der L\u00f6schung keine Aufbewahrungsfristen entgegenstehen.<\/p>\n<h2>Ihre Rechte als Nutzer<\/h2>\n<p>Sie haben als Nutzer das Recht, Auskunft dar\u00fcber zu verlangen, welche Daten \u00fcber Sie bei uns gespeichert sind und zu welchem Zweck diese Speicherung erfolgt. Dar\u00fcber hinaus k\u00f6nnen Sie unrichtige Daten berichtigen oder solche Daten l\u00f6schen lassen, deren Speicherung unzul\u00e4ssig oder nicht mehr erforderlich ist. Sie haben das Recht auf Daten\u00fcbertragbarkeit. Au\u00dferdem haben Sie das Recht, sich bei einer Aufsichtsbeh\u00f6rde \u00fcber die stattfindende Datenverarbeitung zu beschweren.<\/p>\n<h2>Informationen zu Ihrem Widerspruchsrecht<\/h2>\n<p>Sie haben das Recht, aus Gr\u00fcnden, die sich aus Ihrer besonderen Situation ergeben, gegen die Verarbeitung Ihrer personenbezogenen Daten Widerspruch einzulegen. Voraussetzung hierf\u00fcr ist, dass die Datenverarbeitung auf der Grundlage einer Interessenabw\u00e4gung erfolgt.<\/p>\n<h2>Datenschutzbeauftragter<\/h2>\n<p>Unser betrieblicher Datenschutzbeauftragter steht Ihnen gerne f\u00fcr Ausk\u00fcnfte oder Anregungen zum Thema Datenschutz zur Verf\u00fcgung:<br \/>\nDr. Uwe Schl\u00e4ger<br \/>\ndatenschutz nord GmbH<br \/>\nWeb: <a href=\"http:\/\/www.datenschutz-nord.de\" target=\"_blank\" rel=\"noopener noreferrer\">www.datenschutz-nord.de<\/a><br \/>\nE-Mail: office@datenschutz-nord.de<\/p>\n","protected":false},"excerpt":{"rendered":"<p>Sehr geehrte Besucherinnen und Besucher unserer Webseite, im Folgenden m\u00f6chten wir Sie dar\u00fcber informieren, welche Ihrer Daten auf dieser Website erfragt und gespeichert werden und wie wir mit diesen Daten&hellip; <a class=\"excerpt-more-link\" href=\"https:\/\/gluecksspiel-berlin.de\/vi\/datenschutzerklaerung\/\">Read More<\/a><\/p>\n","protected":false},"author":6,"featured_media":0,"parent":0,"menu_order":100,"comment_status":"closed","ping_status":"closed","template":"page-templates\/full-width.php","meta":{"footnotes":""},"class_list":["post-1101","page","type-page","status-publish","hentry"],"_links":{"self":[{"href":"https:\/\/gluecksspiel-berlin.de\/vi\/wp-json\/wp\/v2\/pages\/1101","targetHints":{"allow":["GET"]}}],"collection":[{"href":"https:\/\/gluecksspiel-berlin.de\/vi\/wp-json\/wp\/v2\/pages"}],"about":[{"href":"https:\/\/gluecksspiel-berlin.de\/vi\/wp-json\/wp\/v2\/types\/page"}],"author":[{"embeddable":true,"href":"https:\/\/gluecksspiel-berlin.de\/vi\/wp-json\/wp\/v2\/users\/6"}],"replies":[{"embeddable":true,"href":"https:\/\/gluecksspiel-berlin.de\/vi\/wp-json\/wp\/v2\/comments?post=1101"}],"version-history":[{"count":2,"href":"https:\/\/gluecksspiel-berlin.de\/vi\/wp-json\/wp\/v2\/pages\/1101\/revisions"}],"predecessor-version":[{"id":2196,"href":"https:\/\/gluecksspiel-berlin.de\/vi\/wp-json\/wp\/v2\/pages\/1101\/revisions\/2196"}],"wp:attachment":[{"href":"https:\/\/gluecksspiel-berlin.de\/vi\/wp-json\/wp\/v2\/media?parent=1101"}],"curies":[{"name":"wp","href":"https:\/\/api.w.org\/{rel}","templated":true}]}}