{"id":1072,"date":"2018-09-14T13:37:38","date_gmt":"2018-09-14T11:37:38","guid":{"rendered":"https:\/\/fip-gluecksspiel.de\/ueber-uns\/"},"modified":"2020-06-16T12:59:16","modified_gmt":"2020-06-16T10:59:16","slug":"thong-tin-nhan-biet-som-va-tro-giup-doi-voi-cac-van-de-lien-quan-den-viec-choi-tro-do-den","status":"publish","type":"page","link":"https:\/\/gluecksspiel-berlin.de\/vi\/thong-tin-nhan-biet-som-va-tro-giup-doi-voi-cac-van-de-lien-quan-den-viec-choi-tro-do-den\/","title":{"rendered":"Th\u00f4ng tin, nh\u1eadn bi\u1ebft s\u1edbm v\u00e0 tr\u1ee3 gi\u00fap \u0111\u1ed1i v\u1edbi c\u00e1c v\u1ea5n \u0111\u1ec1 li\u00ean quan \u0111\u1ebfn vi\u1ec7c ch\u01a1i tr\u00f2 \u0111\u1ecf \u0111en"},"content":{"rendered":"<div class=\"two-columns-one\">\n<p><img loading=\"lazy\" decoding=\"async\" class=\"alignnone size-medium wp-image-160\" src=\"https:\/\/gluecksspiel-berlin.de\/wp-content\/uploads\/2018\/10\/fip-fruehintervention-gluecksspiel-berlin-300x187.jpg\" alt=\"H\u00e4nde halten fallende Dominosteine auf\" width=\"300\" height=\"187\" srcset=\"https:\/\/gluecksspiel-berlin.de\/wp-content\/uploads\/2018\/10\/fip-fruehintervention-gluecksspiel-berlin-300x187.jpg 300w, https:\/\/gluecksspiel-berlin.de\/wp-content\/uploads\/2018\/10\/fip-fruehintervention-gluecksspiel-berlin-768x480.jpg 768w, https:\/\/gluecksspiel-berlin.de\/wp-content\/uploads\/2018\/10\/fip-fruehintervention-gluecksspiel-berlin-1024x640.jpg 1024w, https:\/\/gluecksspiel-berlin.de\/wp-content\/uploads\/2018\/10\/fip-fruehintervention-gluecksspiel-berlin-1000x625.jpg 1000w\" sizes=\"auto, (max-width: 300px) 100vw, 300px\" \/><\/p>\n<\/div>\n<div class=\"two-columns-one last\">\n<p>D\u1ef1 \u00e1n can thi\u1ec7p s\u1edbm v\u1ec1 v\u1ea5n \u0111\u1ec1 ch\u01a1i tr\u00f2 \u0111\u1ecf \u0111en (FIP) ra \u0111\u1eddi n\u0103m 2018. Ch\u00fang t\u00f4i cung c\u1ea5p th\u00f4ng tin v\u00e0 tr\u1ee3 gi\u00fap nh\u1eefng ng\u01b0\u1eddi ch\u01a1i tr\u00f2 \u0111\u1ecf \u0111en c\u0169ng nh\u01b0 ng\u01b0\u1eddi th\u00e2n c\u1ee7a h\u1ecd. Ngo\u00e0i ra ch\u00fang t\u00f4i c\u0169ng tr\u1ee3 gi\u00fap c\u00e1c chuy\u00ean gia \u0111\u1ec3 nh\u1eadn bi\u1ebft \u0111\u01b0\u1ee3c s\u1edbm c\u00e1c v\u1ea5n \u0111\u1ec1 li\u00ean quan \u0111\u1ebfn vi\u1ec7c ch\u01a1i tr\u00f2 \u0111\u1ecf \u0111en. Tr\u1ecdng t\u00e2m c\u1ee7a d\u1ef1 \u00e1n l\u00e0 nh\u1eefng ng\u01b0\u1eddi c\u00f3 xu\u1ea5t th\u00e2n nh\u1eadp c\u01b0.<\/p>\n<\/div>\n<div class=\"divider\"><\/div>\n<h2>Tr\u01b0\u1edbc khi tr\u00f2 \u0111\u1ecf \u0111en tr\u1edf th\u00e0nh v\u1ea5n \u0111\u1ec1:<\/h2>\n<ul>\n<li>Th\u0103m h\u1ecfi \u2013 ch\u00fang t\u00f4i \u0111\u1ebfn ch\u1ed7 b\u1ea1n!<\/li>\n<li>C\u00e1c bu\u1ed5i n\u00f3i chuy\u1ec7n ban \u0111\u1ea7u b\u1eb1ng nhi\u1ec1u ng\u00f4n ng\u1eef kh\u00e1c nhau v\u1ec1 h\u00e0nh vi ch\u01a1i tr\u00f2 \u0111\u1ecf \u0111en v\u00e0 ch\u1ea9n \u0111o\u00e1n s\u1edbm ch\u1ee9ng nghi\u1ec7n tr\u00f2 \u0111\u1ecf \u0111en.<\/li>\n<li>Tr\u1ee3 gi\u00fap mi\u1ec5n ph\u00ed v\u00e0 n\u1eb7c danh<\/li>\n<li>Cung c\u1ea5p c\u00e1c tr\u1ee3 gi\u00fap<\/li>\n<li>H\u1ed9 t\u1ed1ng t\u1edbi c\u00e1c trung t\u00e2m t\u01b0 v\u1ea5n<\/li>\n<li>\u0110\u00e0o t\u1ea1o mi\u1ec5n ph\u00ed d\u00e0nh cho chuy\u00ean gia v\u00e0 c\u00e1c t\u1ed5 ch\u1ee9c c\u1ee7a ng\u01b0\u1eddi nh\u1eadp c\u01b0<\/li>\n<\/ul>\n<h2><a href=\"https:\/\/gluecksspiel-berlin.de\/wp-content\/uploads\/2020\/06\/cafe_beispiellos_mobil_flyer_10s_aufteilung_work6.pdf\" target=\"_blank\" rel=\"noopener noreferrer\"><span lang=\"vi\">phi c\u00f4ng<\/span><\/a><\/h2>\n<h2><\/h2>\n<p>[spoiler title=&#8217;Li\u00ean \u0111o\u00e0n Caritas thu\u1ed9c t\u1ed5ng gi\u00e1o ph\u1eadn Berlin&#8217; style=&#8217;default&#8217; collapse_link=&#8217;true&#8217;]<\/p>\n<p><a href=\"https:\/\/www.caritas-berlin.de\/\" target=\"_blank\" rel=\"noopener noreferrer\"><img loading=\"lazy\" decoding=\"async\" class=\"alignright size-medium wp-image-49\" src=\"https:\/\/gluecksspiel-berlin.de\/wp-content\/uploads\/2018\/09\/logo-caritas-erzbistum-rechts-300x82.gif\" alt=\"Logo der Caritas f\u00fcr das Erzbistum Berlin e. V.\" width=\"300\" height=\"82\" \/><\/a>Li\u00ean \u0111o\u00e0n Caritas thu\u1ed9c t\u1ed5ng gi\u00e1o ph\u1eadn Berlin Li\u00ean \u0111o\u00e0n Caritas thu\u1ed9c t\u1ed5ng gi\u00e1o ph\u1eadn Berlin ho\u1ea1t \u0111\u1ed9ng tr\u00ean \u0111\u1ecba b\u00e0n Berlin, Brandenburg v\u00e0 Vorpommern. Tr\u1ee5 s\u1edf trung t\u00e2m \u0111\u1eb7t t\u1ea1i Berlin.<\/p>\n<p>&nbsp;<\/p>\n<p><strong>D\u01b0\u1edbi \u0111\u00e2y l\u00e0 c\u00e1c d\u1ecbch v\u1ee5 ngo\u1ea1i tr\u00fa c\u1ee7a li\u00ean \u0111o\u00e0n Caritas thu\u1ed9c t\u1ed5ng gi\u00e1o ph\u1eadn Berlin:<\/strong><\/p>\n<p>&nbsp;<\/p>\n<ul>\n<li>C\u00e1c d\u1ecbch v\u1ee5 x\u00e3 h\u1ed9i chung,<\/li>\n<li>C\u00e1c trung t\u00e2m x\u00e3 h\u1ed9i c\u1ee7a Caritas,<\/li>\n<li>C\u00e1c trung t\u00e2m t\u01b0 v\u1ea5n,<\/li>\n<li>T\u01b0 v\u1ea5n v\u00e0 s\u00e1t c\u00e1nh c\u00f9ng nhi\u1ec1u nh\u00f3m ng\u01b0\u1eddi nh\u1eadp c\u01b0 kh\u00e1c nhau<\/li>\n<li>\u0110\u1ed1i v\u1edbi ng\u01b0\u1eddi v\u00f4 gia c\u01b0 th\u00ec ngo\u00e0i t\u01b0 v\u1ea5n th\u00ec ch\u00fang t\u00f4i c\u00f2n cung c\u1ea5p s\u00fap \u0103n, ch\u0103m s\u00f3c y t\u1ebf v\u00e0 c\u00e1c n\u01a1i \u0111\u1ec3 ng\u1ee7 qua \u0111\u00eam,<\/li>\n<li>Ngo\u00e0i ra Caritas c\u00f2n c\u00f3 c\u00e1c trung t\u00e2m n\u1ed9i tr\u00fa nh\u01b0 b\u1ec7nh vi\u1ec7n, nh\u00e0 cho ng\u01b0\u1eddi b\u1ec7nh, nh\u00e0 cho tr\u1ebb em v\u00e0 thanh thi\u1ebfu ni\u00ean, nh\u00e0 cho ng\u01b0\u1eddi l\u1edbn tu\u1ed5i c\u0169ng nh\u01b0 c\u00e1c trung t\u00e2m cho ng\u01b0\u1eddi t\u00e0n t\u1eadt.<\/li>\n<\/ul>\n<p><a href=\"http:\/\/www.caritas-berlin.de\" target=\"_blank\" rel=\"noopener noreferrer\">www.caritas-berlin.de<\/a><\/p>\n<p>[\/spoiler]<\/p>\n<p>&nbsp;<\/p>\n<p>&nbsp;<\/p>\n<p><em> Finanziert wird das Projekt von der Senatsverwaltung f\u00fcr Gesundheit, Pflege und Gleichstellung.<\/em><\/p>\n<p><img loading=\"lazy\" decoding=\"async\" class=\"alignleft wp-image-50\" src=\"https:\/\/gluecksspiel-berlin.de\/wp-content\/uploads\/2018\/09\/logo-senatsverwaltung-geundheit-pflege-gleichstellung.jpg\" alt=\"\" width=\"399\" height=\"112\" srcset=\"https:\/\/gluecksspiel-berlin.de\/wp-content\/uploads\/2018\/09\/logo-senatsverwaltung-geundheit-pflege-gleichstellung.jpg 535w, https:\/\/gluecksspiel-berlin.de\/wp-content\/uploads\/2018\/09\/logo-senatsverwaltung-geundheit-pflege-gleichstellung-300x84.jpg 300w\" sizes=\"auto, (max-width: 399px) 100vw, 399px\" \/><\/p>\n<p>&nbsp;<\/p>\n<p>&nbsp;<\/p>\n","protected":false},"excerpt":{"rendered":"<p>Tr\u01b0\u1edbc khi tr\u00f2 \u0111\u1ecf \u0111en tr\u1edf th\u00e0nh v\u1ea5n \u0111\u1ec1: Th\u0103m h\u1ecfi \u2013 ch\u00fang t\u00f4i \u0111\u1ebfn ch\u1ed7 b\u1ea1n! C\u00e1c bu\u1ed5i n\u00f3i chuy\u1ec7n ban \u0111\u1ea7u b\u1eb1ng nhi\u1ec1u ng\u00f4n ng\u1eef kh\u00e1c nhau v\u1ec1&hellip; <a class=\"excerpt-more-link\" href=\"https:\/\/gluecksspiel-berlin.de\/vi\/thong-tin-nhan-biet-som-va-tro-giup-doi-voi-cac-van-de-lien-quan-den-viec-choi-tro-do-den\/\">Read More<\/a><\/p>\n","protected":false},"author":6,"featured_media":0,"parent":0,"menu_order":60,"comment_status":"closed","ping_status":"closed","template":"page-templates\/no-sidebar.php","meta":{"footnotes":""},"class_list":["post-1072","page","type-page","status-publish","hentry"],"_links":{"self":[{"href":"https:\/\/gluecksspiel-berlin.de\/vi\/wp-json\/wp\/v2\/pages\/1072","targetHints":{"allow":["GET"]}}],"collection":[{"href":"https:\/\/gluecksspiel-berlin.de\/vi\/wp-json\/wp\/v2\/pages"}],"about":[{"href":"https:\/\/gluecksspiel-berlin.de\/vi\/wp-json\/wp\/v2\/types\/page"}],"author":[{"embeddable":true,"href":"https:\/\/gluecksspiel-berlin.de\/vi\/wp-json\/wp\/v2\/users\/6"}],"replies":[{"embeddable":true,"href":"https:\/\/gluecksspiel-berlin.de\/vi\/wp-json\/wp\/v2\/comments?post=1072"}],"version-history":[{"count":7,"href":"https:\/\/gluecksspiel-berlin.de\/vi\/wp-json\/wp\/v2\/pages\/1072\/revisions"}],"predecessor-version":[{"id":2045,"href":"https:\/\/gluecksspiel-berlin.de\/vi\/wp-json\/wp\/v2\/pages\/1072\/revisions\/2045"}],"wp:attachment":[{"href":"https:\/\/gluecksspiel-berlin.de\/vi\/wp-json\/wp\/v2\/media?parent=1072"}],"curies":[{"name":"wp","href":"https:\/\/api.w.org\/{rel}","templated":true}]}}