{"id":1069,"date":"2018-09-14T13:38:15","date_gmt":"2018-09-14T11:38:15","guid":{"rendered":"https:\/\/fip-gluecksspiel.de\/kontakt\/"},"modified":"2020-06-25T14:01:15","modified_gmt":"2020-06-25T12:01:15","slug":"lien-he","status":"publish","type":"page","link":"https:\/\/gluecksspiel-berlin.de\/vi\/lien-he\/","title":{"rendered":"Li\u00ean h\u1ec7"},"content":{"rendered":"<h2>Caf\u00e9 Beispiellos Mobil<br \/>\nTr\u1ecdng t\u00e2m: Nh\u1eefng ng\u01b0\u1eddi ch\u01a1i tr\u00f2 \u0111\u1ecf \u0111en c\u00f3 xu\u1ea5t th\u00e2n nh\u1eadp c\u01b0<\/h2>\n<div class=\"two-columns-one\">\n<h3>N\u01a1i li\u00ean h\u1ec7<\/h3>\n<p>Urbanstra\u00dfe 70<br \/>\n10967 Berlin<br \/>\nE-Mail: <strong><a href=\"mailto:cafe.beispiellos.mobil@caritas-berlin.de\">cafe.beispiellos.mobil@caritas-berlin.de\u00a0<\/a> <\/strong><\/p>\n<p><strong>Telefon<\/strong>: 030 &#8211; 6 66 33 590<\/p>\n<p>&nbsp;<\/p>\n<\/div>\n<div class=\"two-columns-one last\">\n<\/div>\n<div class=\"divider\"><\/div>\n<h2>\u0110\u1ed1i t\u00e1c li\u00ean h\u1ec7<\/h2>\n<div class=\"two-columns-one\">\n<h3>\u00d4ng <strong>Dimitrij M\u00fcller<\/strong><\/h3>\n<p><strong>Mobil: 0162 27 45 612<\/strong><\/p>\n<p><strong>Telefon<\/strong>: 030 &#8211; 6 66 33 590<\/p>\n<\/div>\n<div class=\"two-columns-one last\">\n<h3>\u00d4ng Shadi Alsaadi<\/h3>\n<p><strong>Mobil: <\/strong><strong>0173 56 53 622<\/strong><\/p>\n<\/div>\n<div class=\"divider\"><\/div>\n<p>[spoiler title=&#8217;Nachricht senden&#8217; style=&#8217;default&#8217; collapse_link=&#8217;true&#8217;][contact-form-7 id=&#8221;113&#8243; title=&#8221;Kontaktformular 1&#8243;][\/spoiler]<\/p>\n<p>[spoiler title=&#8217;M\u00f4 t\u1ea3 \u0111\u01b0\u1eddng \u0111i&#8217; style=&#8217;default&#8217; collapse_link=&#8217;true&#8217;]T\u1eeb b\u1ebfn \u0111i\u1ec7n ng\u1ea7m Hermannplatz, b\u1ea1n h\u00e3y \u0111i theo h\u01b0\u1edbng Karstadt r\u1ed3i ti\u1ebfp t\u1ee5c \u0111i th\u1eb3ng qua ng\u00e2n h\u00e0ng Sparkasse v\u00e0 Papertwins (c\u1eeda h\u00e0ng copy). Sau \u0111\u00f3 ti\u1ebfp t\u1ee5c \u0111i th\u1eb3ng cho \u0111\u1ebfn b\u1ea1n \u0111\u1ebfn \u0111\u01b0\u1ee3c v\u0103n ph\u00f2ng c\u1ee7a ch\u00fang t\u00f4i \u1edf \u0111\u01b0\u1eddng Urbanstr. 70, b\u00ean tr\u00e1i. V\u0103n ph\u00f2ng c\u1ee7a ch\u00fang t\u00f4i l\u00e0 m\u1ed9t c\u1eeda hi\u1ec7u, do v\u1eady b\u1ea1n c\u00f3 th\u1ec3 \u0111i th\u1eb3ng t\u1eeb ph\u1ed1 v\u00e0o v\u0103n ph\u00f2ng.[\/spoiler]<\/p>\n","protected":false},"excerpt":{"rendered":"<p>Caf\u00e9 Beispiellos Mobil Tr\u1ecdng t\u00e2m: Nh\u1eefng ng\u01b0\u1eddi ch\u01a1i tr\u00f2 \u0111\u1ecf \u0111en c\u00f3 xu\u1ea5t th\u00e2n nh\u1eadp c\u01b0 \u0110\u1ed1i t\u00e1c li\u00ean h\u1ec7 [spoiler title=&#8217;Nachricht senden&#8217; style=&#8217;default&#8217; collapse_link=&#8217;true&#8217;][contact-form-7 id=&#8221;113&#8243; title=&#8221;Kontaktformular 1&#8243;][\/spoiler] [spoiler title=&#8217;M\u00f4&hellip; <a class=\"excerpt-more-link\" href=\"https:\/\/gluecksspiel-berlin.de\/vi\/lien-he\/\">Read More<\/a><\/p>\n","protected":false},"author":6,"featured_media":0,"parent":0,"menu_order":50,"comment_status":"closed","ping_status":"closed","template":"page-templates\/no-sidebar.php","meta":{"footnotes":""},"class_list":["post-1069","page","type-page","status-publish","hentry"],"_links":{"self":[{"href":"https:\/\/gluecksspiel-berlin.de\/vi\/wp-json\/wp\/v2\/pages\/1069","targetHints":{"allow":["GET"]}}],"collection":[{"href":"https:\/\/gluecksspiel-berlin.de\/vi\/wp-json\/wp\/v2\/pages"}],"about":[{"href":"https:\/\/gluecksspiel-berlin.de\/vi\/wp-json\/wp\/v2\/types\/page"}],"author":[{"embeddable":true,"href":"https:\/\/gluecksspiel-berlin.de\/vi\/wp-json\/wp\/v2\/users\/6"}],"replies":[{"embeddable":true,"href":"https:\/\/gluecksspiel-berlin.de\/vi\/wp-json\/wp\/v2\/comments?post=1069"}],"version-history":[{"count":10,"href":"https:\/\/gluecksspiel-berlin.de\/vi\/wp-json\/wp\/v2\/pages\/1069\/revisions"}],"predecessor-version":[{"id":2074,"href":"https:\/\/gluecksspiel-berlin.de\/vi\/wp-json\/wp\/v2\/pages\/1069\/revisions\/2074"}],"wp:attachment":[{"href":"https:\/\/gluecksspiel-berlin.de\/vi\/wp-json\/wp\/v2\/media?parent=1069"}],"curies":[{"name":"wp","href":"https:\/\/api.w.org\/{rel}","templated":true}]}}