{"id":974,"date":"2018-11-23T09:46:51","date_gmt":"2018-11-23T08:46:51","guid":{"rendered":"https:\/\/fip-gluecksspiel.de\/fragen-antworten\/"},"modified":"2019-03-26T14:35:27","modified_gmt":"2019-03-26T13:35:27","slug":"sorular-cevaplar","status":"publish","type":"page","link":"https:\/\/gluecksspiel-berlin.de\/tr\/sorular-cevaplar\/","title":{"rendered":"Sorular &#038; Cevaplar"},"content":{"rendered":"<p>[spoiler title=&#8217;\u015eans oyunlar\u0131yla ilgili bir sorunumun oldu\u011funu nereden anlar\u0131m?&#8217; style=&#8217;default&#8217; collapse_link=&#8217;true&#8217;]<\/p>\n<p>\u015eans oyunu sorununu g\u00f6steren \u00e7e\u015fitli belirtiler vard\u0131r:<\/p>\n<ul>\n<li><strong>Oynanamad\u0131\u011f\u0131 zaman huzursuzluk ve gerginlik<\/strong><\/li>\n<li>\u015eans oyunlar\u0131n\u0131 b\u0131rakmak i\u00e7in tekrarlanan denemeler<\/li>\n<li><strong>Hep daha fazla tutarlarla oynan\u0131r<\/strong><\/li>\n<li>Ba\u015fkalar\u0131na yalan s\u00f6yleme<\/li>\n<li><strong>\u00d6nemli ili\u015fkiler bozulur veya bozulmak \u00fczeredir<\/strong><\/li>\n<\/ul>\n<p>[\/spoiler]<\/p>\n<p>[spoiler title=&#8217;Sorunlar\u0131mdan dolay\u0131 ben mi su\u00e7luyum?&#8217; style=&#8217;default&#8217; collapse_link=&#8217;true&#8217;]<\/p>\n<p>Hay\u0131r, bir \u015fans oyunu sorununun olu\u015fmas\u0131ndan sorumlu olan \u00e7e\u015fitli fakt\u00f6rler vard\u0131r. \u015eunlar gibi:<\/p>\n<ul>\n<li>\u00e7evre (\u00f6rne\u011fin \u015fans oyunu oynamak i\u00e7in toplumsal kabul),<\/li>\n<li>ki\u015fisel fakt\u00f6rler (\u00f6rne\u011fin stres durumuyla ba\u015fa \u00e7\u0131kma) ve<\/li>\n<li>\u015fans oyunlar\u0131n\u0131n belirtileri (\u00f6rne\u011fin bir oyunun haz\u0131r olu\u015fu ve h\u0131z\u0131).<\/li>\n<\/ul>\n<p>Fakat bilgilenmek ve \u015fans oyunlar\u0131 problemlerinde yard\u0131m almak kendi elinizde.<\/p>\n<p>[\/spoiler]<\/p>\n<p>[spoiler title=&#8217;Kimler \u015fans oyunlar\u0131 oynayabilir?&#8217; style=&#8217;default&#8217; collapse_link=&#8217;true&#8217;]<strong>Almanya\u2019da \u015fans oyunlar\u0131na 18 ya\u015f\u0131ndan itibaren izin verilmi\u015ftir<\/strong>. Bu husus otomatlar, kaz\u0131 kazan ve spor bahislerinde oldu\u011fu gibi loto ve poker i\u00e7in de ge\u00e7erlidir.[\/spoiler]<\/p>\n<p>[spoiler title=&#8217;\u015eans oyunu ba\u011f\u0131ml\u0131l\u0131\u011f\u0131 ger\u00e7ek bir hastal\u0131k m\u0131d\u0131r?&#8217; style=&#8217;default&#8217; collapse_link=&#8217;true&#8217;]Evet, <strong>\u015fans oyunu ba\u011f\u0131ml\u0131l\u0131\u011f\u0131 tedavi gerektiren bir hastal\u0131k olarak tan\u0131nm\u0131\u015ft\u0131r<\/strong>. Yani, tedavi masraflar\u0131 sa\u011fl\u0131k sigortas\u0131 veya emeklilik sigortas\u0131 taraf\u0131ndan \u00fcstleniliyor.[\/spoiler]<\/p>\n<p>[spoiler title=&#8217;Dan\u0131\u015fmanl\u0131k \u00fccretli midir?&#8217; style=&#8217;default&#8217; collapse_link=&#8217;true&#8217;]Hay\u0131r, <strong>dan\u0131\u015fmanl\u0131k sizin i\u00e7in \u00fccretsizdir.<\/strong>[\/spoiler]<\/p>\n<p>[spoiler title=&#8217;Bilgilerim ba\u015fka yerlere veriliyor mu?&#8217; style=&#8217;default&#8217; collapse_link=&#8217;true&#8217;]Hay\u0131r, \u00e7al\u0131\u015fanlar\u0131m\u0131z\u0131n s\u0131r tutma y\u00fck\u00fcml\u00fcl\u00fc\u011f\u00fcne tabidir. Yani, <strong>\u00e7al\u0131\u015fanlar\u0131m\u0131z sizinle ilgili bilgileri ba\u015fkalar\u0131na aktaramaz<\/strong>. Aile bireyleri de bilgi alamazlar. [\/spoiler]<\/p>\n<p>[spoiler title=&#8217;Yapaca\u011f\u0131m bir g\u00f6r\u00fc\u015fme oturum stat\u00fcm\u00fc tehlikeye sokar m\u0131?&#8217; style=&#8217;default&#8217; collapse_link=&#8217;true&#8217;]Hay\u0131r, dan\u0131\u015fmanl\u0131\u011f\u0131n oturum stat\u00fcn\u00fcze hi\u00e7bir etkisi yoktur.<strong> Bilgileriniz yetkililere aktar\u0131lmaz<\/strong>.[\/spoiler]<\/p>\n<p>[spoiler title=&#8217;Kendi dilimde dan\u0131\u015fmanl\u0131k alabilir miyim?&#8217; style=&#8217;default&#8217; collapse_link=&#8217;true&#8217;]<\/p>\n<p><strong>\u015eu diller sunulmu\u015ftur:<br \/>\n<\/strong>(k\u0131smen \u00e7evirmenlerle i\u015f birli\u011fi yaparak)<\/p>\n<ul>\n<li>Almanca<\/li>\n<li>\u0130ngilizce (english)<\/li>\n<li>T\u00fcrk\u00e7e<\/li>\n<li>Arap\u00e7a (\u0627\u0644\u0639\u0631\u0628\u064a\u0629)<\/li>\n<li>Rus\u00e7a (\u0420\u0443\u0441\u0441\u043a\u0438\u0439)<\/li>\n<li>Leh\u00e7e (polski)<\/li>\n<li>Vietnamca (Ti\u1ebfng Vi\u1ec7t)<\/li>\n<\/ul>\n<p>[\/spoiler]<\/p>\n<p>[spoiler title=&#8217;Bir g\u00f6r\u00fc\u015fme yapmaktan korkuyorum &#8211; ba\u015fkalar\u0131 da benim gibi mi?&#8217; style=&#8217;default&#8217; collapse_link=&#8217;true&#8217;]Evet, bu durum \u00e7ok normal! Bir\u00e7ok insan ilk g\u00f6r\u00fc\u015fmeden \u00f6nce heyecanl\u0131d\u0131r. \u015eans oyunlar\u0131n\u0131 severek oynad\u0131klar\u0131n\u0131 s\u00f6ylemek veya bu konuda bir kimseye g\u00fcvenmek baz\u0131lar\u0131n\u0131n y\u0131llar\u0131n\u0131 al\u0131r. Sizinle birlikte neye ihtiyac\u0131n\u0131z oldu\u011funa bak\u0131yor ve \u00e7\u00f6z\u00fcm ar\u0131yoruz.[\/spoiler]<\/p>\n<p>[spoiler title=&#8217;\u0130lk g\u00f6r\u00fc\u015fme nerede yap\u0131l\u0131r?&#8217; style=&#8217;default&#8217; collapse_link=&#8217;true&#8217;]\u0130lk g\u00f6r\u00fc\u015fme gerek F\u0130P salonlar\u0131nda gerekse g\u00fcvendi\u011finiz ba\u015fka bir kurumda yap\u0131labilir.[\/spoiler]<\/p>\n<p>[spoiler title=&#8217;Bir aile yak\u0131n\u0131 olarak ne yapabilirim?&#8217; style=&#8217;default&#8217; collapse_link=&#8217;true&#8217;]<strong>Endi\u015felendi\u011finiz ki\u015filerle a\u00e7\u0131k\u00e7a konu\u015fmak \u00f6nemlidir<\/strong>. Deste\u011finizi sunun! Ki\u015fiye \u00f6rne\u011fin merkezimizdeki bir g\u00f6r\u00fc\u015fme i\u00e7in e\u015flik edebilirsiniz. Tek ba\u015f\u0131n\u0131za da bizden bilgi veya tavsiye alabilirsiniz.[\/spoiler]<\/p>\n","protected":false},"excerpt":{"rendered":"<p>[spoiler title=&#8217;\u015eans oyunlar\u0131yla ilgili bir sorunumun oldu\u011funu nereden anlar\u0131m?&#8217; style=&#8217;default&#8217; collapse_link=&#8217;true&#8217;] \u015eans oyunu sorununu g\u00f6steren \u00e7e\u015fitli belirtiler vard\u0131r: Oynanamad\u0131\u011f\u0131 zaman huzursuzluk ve gerginlik \u015eans oyunlar\u0131n\u0131 b\u0131rakmak i\u00e7in tekrarlanan denemeler Hep&hellip; <a class=\"excerpt-more-link\" href=\"https:\/\/gluecksspiel-berlin.de\/tr\/sorular-cevaplar\/\">Read More<\/a><\/p>\n","protected":false},"author":6,"featured_media":0,"parent":0,"menu_order":45,"comment_status":"closed","ping_status":"closed","template":"page-templates\/no-sidebar.php","meta":{"footnotes":""},"class_list":["post-974","page","type-page","status-publish","hentry"],"_links":{"self":[{"href":"https:\/\/gluecksspiel-berlin.de\/tr\/wp-json\/wp\/v2\/pages\/974","targetHints":{"allow":["GET"]}}],"collection":[{"href":"https:\/\/gluecksspiel-berlin.de\/tr\/wp-json\/wp\/v2\/pages"}],"about":[{"href":"https:\/\/gluecksspiel-berlin.de\/tr\/wp-json\/wp\/v2\/types\/page"}],"author":[{"embeddable":true,"href":"https:\/\/gluecksspiel-berlin.de\/tr\/wp-json\/wp\/v2\/users\/6"}],"replies":[{"embeddable":true,"href":"https:\/\/gluecksspiel-berlin.de\/tr\/wp-json\/wp\/v2\/comments?post=974"}],"version-history":[{"count":3,"href":"https:\/\/gluecksspiel-berlin.de\/tr\/wp-json\/wp\/v2\/pages\/974\/revisions"}],"predecessor-version":[{"id":1351,"href":"https:\/\/gluecksspiel-berlin.de\/tr\/wp-json\/wp\/v2\/pages\/974\/revisions\/1351"}],"wp:attachment":[{"href":"https:\/\/gluecksspiel-berlin.de\/tr\/wp-json\/wp\/v2\/media?parent=974"}],"curies":[{"name":"wp","href":"https:\/\/api.w.org\/{rel}","templated":true}]}}