{"id":942,"date":"2018-11-23T09:20:30","date_gmt":"2018-11-23T08:20:30","guid":{"rendered":"https:\/\/fip-gluecksspiel.de\/so-funktioniert-es\/"},"modified":"2020-02-03T16:34:35","modified_gmt":"2020-02-03T15:34:35","slug":"bizde-isler-nasil-yuerueyor","status":"publish","type":"page","link":"https:\/\/gluecksspiel-berlin.de\/tr\/bizde-isler-nasil-yuerueyor\/","title":{"rendered":"Bizde i\u015fler nas\u0131l y\u00fcr\u00fcyor?"},"content":{"rendered":"<h2>\u00dccretsiz &amp; anonim<\/h2>\n<p><strong>Dan\u0131\u015fmanl\u0131k \u00fccretsiz ve anonimdir<\/strong>. Yani, para \u00f6demek ve isminizi belirtmek zorunda de\u011filsiniz.<\/p>\n<hr \/>\n<h2>G\u00fcvenilir &amp; gizli<\/h2>\n<p>\u00c7al\u0131\u015fanlar\u0131m\u0131z\u0131n s\u0131r tutma y\u00fck\u00fcml\u00fcl\u00fc\u011f\u00fcne tabidir.<\/p>\n<p>Yani,<strong> \u00e7al\u0131\u015fanlar\u0131m\u0131z sizinle ilgili bilgileri ba\u015fkalar\u0131na aktaramaz<\/strong>. Aile bireyleri de bilgi alamazlar. \u00d6rne\u011fin g\u00f6r\u00fc\u015fmede hangi sorunlar\u0131n konu\u015fuldu\u011fu ile ilgili.<\/p>\n<hr \/>\n<h2>Bilgi alma &amp; yard\u0131m alma<\/h2>\n<ul>\n<li>\u015eans oyununun \u00f6zellikleri ve riskleri hakk\u0131nda bilgi al\u0131n.<\/li>\n<li>Uzmanlarla birlikte oyun tutumunuzun nas\u0131l kestirilece\u011fini g\u00f6r\u00fc\u015f\u00fcn.<\/li>\n<li>Yak\u0131n\u0131n\u0131zda size uygun yard\u0131m imkan\u0131 bulun.<\/li>\n<li>Di\u011fer uzmanlar size istedi\u011finiz yere e\u015flik eder.<\/li>\n<\/ul>\n<hr \/>\n<h2>Ba\u015fka dilde dan\u0131\u015fmanl\u0131k<\/h2>\n<p>\u00c7evirmen ve ortaklar\u0131n i\u015f birli\u011fi sayesinde dan\u0131\u015fmanl\u0131kta a\u015fa\u011f\u0131daki diller size sunulabilir:<\/p>\n<ul>\n<li>Almanca<\/li>\n<li>\u0130ngilizce (english)<\/li>\n<li>T\u00fcrk\u00e7e<\/li>\n<li>Arap\u00e7a (\u0627\u0644\u0639\u0631\u0628\u064a\u0629)<\/li>\n<li>Rus\u00e7a (\u0420\u0443\u0441\u0441\u043a\u0438\u0439)<\/li>\n<li>Leh\u00e7e (polski)<\/li>\n<li>Vietnamca (Ti\u1ebfng Vi\u1ec7t)<\/li>\n<\/ul>\n<p><strong>\u00c7eviriler i\u00e7in \u00fccret \u00f6demek zorunda de\u011filsiniz.<\/strong><\/p>\n<hr \/>\n<h2>Aile yak\u0131nlar\u0131 i\u00e7in destek<\/h2>\n<p><strong>Endi\u015felendi\u011finiz ki\u015filerle a\u00e7\u0131k\u00e7a konu\u015fmak \u00f6nemlidir<\/strong>. Deste\u011finizi sunun, \u00f6rne\u011fin:<\/p>\n<ul>\n<li>sadece soruna de\u011fil, ki\u015fiye ilgi g\u00f6sterin.<\/li>\n<li>sorunlar\u0131 basite indirgemeyin.<\/li>\n<li>s\u0131k\u0131nt\u0131lar\u0131 do\u011frudan ele al\u0131n.<\/li>\n<li>Sonu\u00e7lar hakk\u0131nda tutarl\u0131 olun (sadece tehdit etmeyin).<\/li>\n<li>kesin s\u0131n\u0131rlar \u00e7izin.<\/li>\n<li>\u015fans oyunu oynayanlar i\u00e7in yalan s\u00f6ylemeyin.<\/li>\n<li>ki\u015finin bir dan\u0131\u015fmanl\u0131k merkezine gitmesine e\u015flik edin.<\/li>\n<li>ileti\u015fim ve dan\u0131\u015fmanl\u0131k merkezlerinden destek al\u0131n.<\/li>\n<\/ul>\n<p><strong>\u00d6nemli:<\/strong> Bu durumdan siz sorumlu de\u011filsiniz!<\/p>\n<div class=\"box lightgrey-box\">\n<h2>\u0130rtibata ge\u00e7in!<\/h2>\n<p><strong>Aray\u0131n!<\/strong><\/p>\n<p>Telefonla g\u00f6r\u00fc\u015fme saatleri: Pazartesi &#8211; Cuma, saat 09.00 &#8211; 18.00 aras\u0131<\/p>\n<p>Bize telefonla ula\u015famazsan\u0131z l\u00fctfen mail at\u0131n. Sizi geri aramaktan memnun oluruz!<\/p>\n<p><strong>Bize u\u011fray\u0131n!<\/strong><br \/>\nUrbanstra\u00dfe 70 | 10967 Berlin-Kreuzberg<br \/>\nSal\u0131, saat 10 \u2013 13 aras\u0131<br \/>\n\u00c7ar\u015famba, saat 15 \u2013 18 aras\u0131<\/p>\n<\/div>\n","protected":false},"excerpt":{"rendered":"<p>\u00dccretsiz &amp; anonim Dan\u0131\u015fmanl\u0131k \u00fccretsiz ve anonimdir. Yani, para \u00f6demek ve isminizi belirtmek zorunda de\u011filsiniz. G\u00fcvenilir &amp; gizli \u00c7al\u0131\u015fanlar\u0131m\u0131z\u0131n s\u0131r tutma y\u00fck\u00fcml\u00fcl\u00fc\u011f\u00fcne tabidir. Yani, \u00e7al\u0131\u015fanlar\u0131m\u0131z sizinle ilgili bilgileri ba\u015fkalar\u0131na aktaramaz.&hellip; <a class=\"excerpt-more-link\" href=\"https:\/\/gluecksspiel-berlin.de\/tr\/bizde-isler-nasil-yuerueyor\/\">Read More<\/a><\/p>\n","protected":false},"author":6,"featured_media":0,"parent":0,"menu_order":5,"comment_status":"closed","ping_status":"closed","template":"page-templates\/no-sidebar.php","meta":{"footnotes":""},"class_list":["post-942","page","type-page","status-publish","hentry"],"_links":{"self":[{"href":"https:\/\/gluecksspiel-berlin.de\/tr\/wp-json\/wp\/v2\/pages\/942","targetHints":{"allow":["GET"]}}],"collection":[{"href":"https:\/\/gluecksspiel-berlin.de\/tr\/wp-json\/wp\/v2\/pages"}],"about":[{"href":"https:\/\/gluecksspiel-berlin.de\/tr\/wp-json\/wp\/v2\/types\/page"}],"author":[{"embeddable":true,"href":"https:\/\/gluecksspiel-berlin.de\/tr\/wp-json\/wp\/v2\/users\/6"}],"replies":[{"embeddable":true,"href":"https:\/\/gluecksspiel-berlin.de\/tr\/wp-json\/wp\/v2\/comments?post=942"}],"version-history":[{"count":4,"href":"https:\/\/gluecksspiel-berlin.de\/tr\/wp-json\/wp\/v2\/pages\/942\/revisions"}],"predecessor-version":[{"id":1892,"href":"https:\/\/gluecksspiel-berlin.de\/tr\/wp-json\/wp\/v2\/pages\/942\/revisions\/1892"}],"wp:attachment":[{"href":"https:\/\/gluecksspiel-berlin.de\/tr\/wp-json\/wp\/v2\/media?parent=942"}],"curies":[{"name":"wp","href":"https:\/\/api.w.org\/{rel}","templated":true}]}}