{"id":314,"date":"2018-11-01T15:14:14","date_gmt":"2018-11-01T14:14:14","guid":{"rendered":"https:\/\/fip-gluecksspiel.de\/fip-wp\/?page_id=314"},"modified":"2019-03-21T11:30:50","modified_gmt":"2019-03-21T10:30:50","slug":"risk-almadan-zevk-alinmaz-mi-oyun-davranisinizi-test-edin","status":"publish","type":"page","link":"https:\/\/gluecksspiel-berlin.de\/tr\/bilgi-testi\/risk-almadan-zevk-alinmaz-mi-oyun-davranisinizi-test-edin\/","title":{"rendered":"Risk almadan zevk al\u0131nmaz m\u0131? Oyun davran\u0131\u015f\u0131n\u0131z\u0131 test edin!"},"content":{"rendered":"<div class = \"hdq_quiz_wrapper\"><a href = \"https:\/\/gluecksspiel-berlin.de\/tr\/bilgi-testi\/risk-almadan-zevk-alinmaz-mi-oyun-davranisinizi-test-edin\/\" rel=\"noamphtml\" class = \"hdq_quiz_start hdq_button button\" role = \"button\">SINAV BA\u015eLANGICI<\/a><\/div>\n","protected":false},"excerpt":{"rendered":"","protected":false},"author":6,"featured_media":0,"parent":1153,"menu_order":0,"comment_status":"closed","ping_status":"closed","template":"page-templates\/no-sidebar.php","meta":{"footnotes":""},"class_list":["post-314","page","type-page","status-publish","hentry"],"_links":{"self":[{"href":"https:\/\/gluecksspiel-berlin.de\/tr\/wp-json\/wp\/v2\/pages\/314","targetHints":{"allow":["GET"]}}],"collection":[{"href":"https:\/\/gluecksspiel-berlin.de\/tr\/wp-json\/wp\/v2\/pages"}],"about":[{"href":"https:\/\/gluecksspiel-berlin.de\/tr\/wp-json\/wp\/v2\/types\/page"}],"author":[{"embeddable":true,"href":"https:\/\/gluecksspiel-berlin.de\/tr\/wp-json\/wp\/v2\/users\/6"}],"replies":[{"embeddable":true,"href":"https:\/\/gluecksspiel-berlin.de\/tr\/wp-json\/wp\/v2\/comments?post=314"}],"version-history":[{"count":2,"href":"https:\/\/gluecksspiel-berlin.de\/tr\/wp-json\/wp\/v2\/pages\/314\/revisions"}],"predecessor-version":[{"id":331,"href":"https:\/\/gluecksspiel-berlin.de\/tr\/wp-json\/wp\/v2\/pages\/314\/revisions\/331"}],"up":[{"embeddable":true,"href":"https:\/\/gluecksspiel-berlin.de\/tr\/wp-json\/wp\/v2\/pages\/1153"}],"wp:attachment":[{"href":"https:\/\/gluecksspiel-berlin.de\/tr\/wp-json\/wp\/v2\/media?parent=314"}],"curies":[{"name":"wp","href":"https:\/\/api.w.org\/{rel}","templated":true}]}}