{"id":1066,"date":"2018-09-14T13:38:15","date_gmt":"2018-09-14T11:38:15","guid":{"rendered":"https:\/\/fip-gluecksspiel.de\/kontakt\/"},"modified":"2020-06-25T14:00:48","modified_gmt":"2020-06-25T12:00:48","slug":"irtibat","status":"publish","type":"page","link":"https:\/\/gluecksspiel-berlin.de\/tr\/irtibat\/","title":{"rendered":"\u0130rtibat"},"content":{"rendered":"<h2>Caf\u00e9 Beispiellos Mobil<br \/>\nAna konu: G\u00f6\u00e7 deneyimi olan \u015fans oyunu ba\u011f\u0131ml\u0131lar\u0131<\/h2>\n<div class=\"two-columns-one\">\n<h3>\u0130rtibat yeri<\/h3>\n<p>Urbanstra\u00dfe 70<br \/>\n10967 Berlin<br \/>\nE-posta: <strong><a href=\"mailto:cafe.beispiellos.mobil@caritas-berlin.de\">cafe.beispiellos.mobil@caritas-berlin.de\u00a0<\/a> <\/strong><\/p>\n<p><strong>Telefon<\/strong>: 030 &#8211; 6 66 33 590<\/p>\n<\/div>\n<div class=\"two-columns-one last\">\n<\/div>\n<div class=\"divider\"><\/div>\n<h2>\u0130rtibat ki\u015fisi:<\/h2>\n<div class=\"two-columns-one\">\n<h3>Bay <strong>Dimitrij M\u00fcller<\/strong><\/h3>\n<p><strong>Mobil: 0162 27 45 612<\/strong><\/p>\n<\/div>\n<div class=\"two-columns-one last\">\n<h3>Bay Shadi Alsaadi<\/h3>\n<p><strong>Mobil: <\/strong><strong>0173 56 53 622<\/strong><\/p>\n<\/div>\n<div class=\"divider\"><\/div>\n<p>[spoiler title=&#8217;Nachricht senden&#8217; style=&#8217;default&#8217; collapse_link=&#8217;true&#8217;][contact-form-7 id=&#8221;113&#8243; title=&#8221;Kontaktformular 1&#8243;][\/spoiler]<\/p>\n<p>[spoiler title=&#8217;Yol tarifi&#8217; style=&#8217;default&#8217; collapse_link=&#8217;true&#8217;]Hermannplatz metro dura\u011f\u0131ndan Karstadt y\u00f6n\u00fcne gidin, sonra d\u00fcmd\u00fcz devam edin, Sparkasse ve Papertwins\u2019i (Copyshop) ge\u00e7in. Sonra Urban caddesi 70\u2019te sol taraftaki b\u00fcromuza ula\u015fana kadar ilerleyin. B\u00fcromuz direkt caddeden ula\u015fabilece\u011finiz bir d\u00fckkand\u0131r.[\/spoiler]<\/p>\n","protected":false},"excerpt":{"rendered":"<p>Caf\u00e9 Beispiellos Mobil Ana konu: G\u00f6\u00e7 deneyimi olan \u015fans oyunu ba\u011f\u0131ml\u0131lar\u0131 \u0130rtibat ki\u015fisi: [spoiler title=&#8217;Nachricht senden&#8217; style=&#8217;default&#8217; collapse_link=&#8217;true&#8217;][contact-form-7 id=&#8221;113&#8243; title=&#8221;Kontaktformular 1&#8243;][\/spoiler] [spoiler title=&#8217;Yol tarifi&#8217; style=&#8217;default&#8217; collapse_link=&#8217;true&#8217;]Hermannplatz metro dura\u011f\u0131ndan Karstadt y\u00f6n\u00fcne&hellip; <a class=\"excerpt-more-link\" href=\"https:\/\/gluecksspiel-berlin.de\/tr\/irtibat\/\">Read More<\/a><\/p>\n","protected":false},"author":6,"featured_media":0,"parent":0,"menu_order":50,"comment_status":"closed","ping_status":"closed","template":"page-templates\/no-sidebar.php","meta":{"footnotes":""},"class_list":["post-1066","page","type-page","status-publish","hentry"],"_links":{"self":[{"href":"https:\/\/gluecksspiel-berlin.de\/tr\/wp-json\/wp\/v2\/pages\/1066","targetHints":{"allow":["GET"]}}],"collection":[{"href":"https:\/\/gluecksspiel-berlin.de\/tr\/wp-json\/wp\/v2\/pages"}],"about":[{"href":"https:\/\/gluecksspiel-berlin.de\/tr\/wp-json\/wp\/v2\/types\/page"}],"author":[{"embeddable":true,"href":"https:\/\/gluecksspiel-berlin.de\/tr\/wp-json\/wp\/v2\/users\/6"}],"replies":[{"embeddable":true,"href":"https:\/\/gluecksspiel-berlin.de\/tr\/wp-json\/wp\/v2\/comments?post=1066"}],"version-history":[{"count":10,"href":"https:\/\/gluecksspiel-berlin.de\/tr\/wp-json\/wp\/v2\/pages\/1066\/revisions"}],"predecessor-version":[{"id":2073,"href":"https:\/\/gluecksspiel-berlin.de\/tr\/wp-json\/wp\/v2\/pages\/1066\/revisions\/2073"}],"wp:attachment":[{"href":"https:\/\/gluecksspiel-berlin.de\/tr\/wp-json\/wp\/v2\/media?parent=1066"}],"curies":[{"name":"wp","href":"https:\/\/api.w.org\/{rel}","templated":true}]}}