{"id":915,"date":"2018-09-14T13:40:02","date_gmt":"2018-09-14T11:40:02","guid":{"rendered":"https:\/\/fip-gluecksspiel.de\/gluecksspiel-verstehen\/"},"modified":"2019-04-03T11:42:38","modified_gmt":"2019-04-03T09:42:38","slug":"gluecksspiel-verstehen","status":"publish","type":"page","link":"https:\/\/gluecksspiel-berlin.de\/pl\/gluecksspiel-verstehen\/","title":{"rendered":"Zrozumie\u0107 gr\u0119 hazardow\u0105"},"content":{"rendered":"<h2>Co to jest gra hazardowa?<\/h2>\n<p>Gry, w kt\u00f3re inwestuje si\u0119 pieni\u0105dza a wygrana lub przegrana zale\u017cy przewa\u017cnie lub zawsze od przypadku.<\/p>\n<p>Nale\u017c\u0105 do nich np. Lotto, zdrapki czy ruletka. Szczeg\u00f3lnie wysokie ryzyko uzale\u017cnienia nios\u0105 ze sob\u0105 nast\u0119puj\u0105ce gry:<\/p>\n<p>Automaty do gry<\/p>\n<p>[spoiler title=&#8217;Automaty&#8217; style=&#8217;default&#8217; collapse_link=&#8217;true&#8217;]<\/p>\n<ul>\n<li>W wi\u0119kszo\u015bci automat\u00f3w celem jest uzyskanie 3 takich samych symboli<\/li>\n<li>Poprzez przycisk stop sugeruje si\u0119 graczowi, \u017ce ma jaki\u015b wp\u0142yw na wynik gry<\/li>\n<li>Jednak wynik gry zale\u017cy wy\u0142\u0105cznie od przypadku<\/li>\n<li>Gra przebiega bardzo szybko, trwa zaledwie kilka sekund<\/li>\n<\/ul>\n<p>[\/spoiler]<\/p>\n<p>[spoiler title=&#8217;zak\u0142ady&#8217; style=&#8217;default&#8217; collapse_link=&#8217;true&#8217;]<\/p>\n<p>Zak\u0142ady sportowe<\/p>\n<ul>\n<li>Celem jest obstawienie wyniku gry, na przyk\u0142ad meczu pi\u0142karskiego.<\/li>\n<li>Mo\u017cna obstawia\u0107 nie tylko wynik meczu, ale tak\u017ce zdarzenia, na przyk\u0142ad liczb\u0119 \u017c\u00f3\u0142tych kartek.<\/li>\n<li>R\u00f3wnie\u017c podczas gry, przy tak zwanych zak\u0142adach live mo\u017cna obstawia\u0107 r\u00f3\u017cne zdarzenia.<\/li>\n<li>Zak\u0142ady live s\u0105 dla wielu graczy szczeg\u00f3lnie kusz\u0105ce, poniewa\u017c czynnik czasu sprawia, \u017ce gra przebiega szybciej a przez to jest bardziej pasjonuj\u0105ca.<\/li>\n<\/ul>\n<p>[\/spoiler]<\/p>\n<p>[spoiler title=&#8217;Poker&#8217; style=&#8217;default&#8217; collapse_link=&#8217;true&#8217;]<\/p>\n<p>Poker<\/p>\n<ul>\n<li>Celem jest wygranie z innym graczem dzi\u0119ki swoim kartom. Wygrywa si\u0119 przez lepsze karty lub tak zwane \u201ebluffowanie\u201d.<\/li>\n<li>\u201eBluffowanie\u201d oznacza w tym przypadku wprowadzanie w b\u0142\u0105d przeciwnika dla wywo\u0142ania wra\u017cenia, \u017ce ma si\u0119 dobre karty. Wiara, \u017ce przez ten zabieg mo\u017cna uzyska\u0107 przewag\u0119 nad innymi graczami.<\/li>\n<li>Z powodu wielu telewizyjnych program\u00f3w rozrywkowych np. z udzia\u0142em Stefana Raaba czy Borisa Beckera gra ta zyska\u0142a w ostatnich latach na atrakcyjno\u015bci.<\/li>\n<\/ul>\n<p>[\/spoiler]<\/p>\n<h2>Uzale\u017cnienie od grania hazardowego jest uznawane za chorob\u0119<\/h2>\n<h3>W ci\u0105gu 12 miesi\u0119cy musz\u0105 si\u0119 pojawi\u0107 przynajmniej 4 symptomy<\/h3>\n<ul>\n<li>My\u015bli kr\u0105\u017c\u0105 wok\u00f3\u0142 gry hazardowej<\/li>\n<li>Inwestuje si\u0119 coraz wi\u0119ksze stawki<\/li>\n<li>Powtarzaj\u0105ce si\u0119 pr\u00f3by zerwania z graniem hazardowym nie powiod\u0142y si\u0119<\/li>\n<li>Przy takiej pr\u00f3bie dochodzi\u0142o do stan\u00f3w niepokoju i dra\u017cliwo\u015bci<\/li>\n<li>W trudnych \u017cyciowych sytuacjach gra\u0142o si\u0119 szczeg\u00f3lnie cz\u0119sto<\/li>\n<li>Pr\u00f3buje si\u0119 poprzez now\u0105 gr\u0119 odzyska\u0107 stracone pieni\u0105dze<\/li>\n<li>Ok\u0142amuje si\u0119 koleg\u00f3w w pracy, przyjaci\u00f3\u0142 czy rodzin\u0119, aby ukry\u0107 problemy z na\u0142ogowym graniem hazardowym lub te\u017c uzyska\u0107 kolejne pieni\u0105dze.<\/li>\n<li>Zagro\u017cenie utraty wa\u017cnych kontakt\u00f3w spo\u0142ecznych<\/li>\n<li>Nadzieja na sta\u0142e uzyskiwanie pieni\u0119dzy od znajomych i rodziny<\/li>\n<\/ul>\n","protected":false},"excerpt":{"rendered":"<p>Co to jest gra hazardowa? Gry, w kt\u00f3re inwestuje si\u0119 pieni\u0105dza a wygrana lub przegrana zale\u017cy przewa\u017cnie lub zawsze od przypadku. Nale\u017c\u0105 do nich np. Lotto, zdrapki czy ruletka. Szczeg\u00f3lnie&hellip; <a class=\"excerpt-more-link\" href=\"https:\/\/gluecksspiel-berlin.de\/pl\/gluecksspiel-verstehen\/\">Read More<\/a><\/p>\n","protected":false},"author":6,"featured_media":0,"parent":0,"menu_order":10,"comment_status":"closed","ping_status":"closed","template":"page-templates\/no-sidebar.php","meta":{"footnotes":""},"class_list":["post-915","page","type-page","status-publish","hentry"],"_links":{"self":[{"href":"https:\/\/gluecksspiel-berlin.de\/pl\/wp-json\/wp\/v2\/pages\/915","targetHints":{"allow":["GET"]}}],"collection":[{"href":"https:\/\/gluecksspiel-berlin.de\/pl\/wp-json\/wp\/v2\/pages"}],"about":[{"href":"https:\/\/gluecksspiel-berlin.de\/pl\/wp-json\/wp\/v2\/types\/page"}],"author":[{"embeddable":true,"href":"https:\/\/gluecksspiel-berlin.de\/pl\/wp-json\/wp\/v2\/users\/6"}],"replies":[{"embeddable":true,"href":"https:\/\/gluecksspiel-berlin.de\/pl\/wp-json\/wp\/v2\/comments?post=915"}],"version-history":[{"count":5,"href":"https:\/\/gluecksspiel-berlin.de\/pl\/wp-json\/wp\/v2\/pages\/915\/revisions"}],"predecessor-version":[{"id":1373,"href":"https:\/\/gluecksspiel-berlin.de\/pl\/wp-json\/wp\/v2\/pages\/915\/revisions\/1373"}],"wp:attachment":[{"href":"https:\/\/gluecksspiel-berlin.de\/pl\/wp-json\/wp\/v2\/media?parent=915"}],"curies":[{"name":"wp","href":"https:\/\/api.w.org\/{rel}","templated":true}]}}