{"id":1149,"date":"2018-09-14T13:43:17","date_gmt":"2018-09-14T11:43:17","guid":{"rendered":"https:\/\/fip-gluecksspiel.de\/wissen-testen\/"},"modified":"2019-03-13T16:17:30","modified_gmt":"2019-03-13T15:17:30","slug":"sprawdz-swoja-wiedze","status":"publish","type":"page","link":"https:\/\/gluecksspiel-berlin.de\/pl\/sprawdz-swoja-wiedze\/","title":{"rendered":"Sprawd\u017a swoj\u0105 wiedz\u0119"},"content":{"rendered":"<div class=\"two-columns-one\">\n<h2>Do testu wiedzy<\/h2>\n<p><a href=\"\/pl\/sprawdz-swoja-wiedze\/test-wiedzy\/\/wissen-testen\/wissenstest-kennen-sie-sich-aus\/\"><img loading=\"lazy\" decoding=\"async\" class=\"alignnone wp-image-352 size-large\" src=\"https:\/\/gluecksspiel-berlin.de\/wp-content\/uploads\/2018\/11\/icons_wissenstest_blau-1024x427.jpg\" alt=\"Icon Wissenstest blau\" width=\"660\" height=\"275\" srcset=\"https:\/\/gluecksspiel-berlin.de\/wp-content\/uploads\/2018\/11\/icons_wissenstest_blau-1024x427.jpg 1024w, https:\/\/gluecksspiel-berlin.de\/wp-content\/uploads\/2018\/11\/icons_wissenstest_blau-300x125.jpg 300w, https:\/\/gluecksspiel-berlin.de\/wp-content\/uploads\/2018\/11\/icons_wissenstest_blau-768x320.jpg 768w, https:\/\/gluecksspiel-berlin.de\/wp-content\/uploads\/2018\/11\/icons_wissenstest_blau-1000x417.jpg 1000w, https:\/\/gluecksspiel-berlin.de\/wp-content\/uploads\/2018\/11\/icons_wissenstest_blau.jpg 1200w\" sizes=\"auto, (max-width: 660px) 100vw, 660px\" \/><\/a><\/p>\n<\/div>\n<div class=\"two-columns-one last\">\n<h2>Do autotestu<\/h2>\n<p><a href=\"\/pl\/sprawdz-swoja-wiedze\/no-fun-sprawdz-swoja-zachowanie-wobec-gier\/\"><img loading=\"lazy\" decoding=\"async\" class=\"alignnone wp-image-357 size-large\" src=\"https:\/\/gluecksspiel-berlin.de\/wp-content\/uploads\/2018\/11\/icons_selbsttest_rot-1024x435.jpg\" alt=\"Icon Selbsttest rot\" width=\"660\" height=\"280\" srcset=\"https:\/\/gluecksspiel-berlin.de\/wp-content\/uploads\/2018\/11\/icons_selbsttest_rot-1024x435.jpg 1024w, https:\/\/gluecksspiel-berlin.de\/wp-content\/uploads\/2018\/11\/icons_selbsttest_rot-300x128.jpg 300w, https:\/\/gluecksspiel-berlin.de\/wp-content\/uploads\/2018\/11\/icons_selbsttest_rot-768x326.jpg 768w, https:\/\/gluecksspiel-berlin.de\/wp-content\/uploads\/2018\/11\/icons_selbsttest_rot-1000x425.jpg 1000w, https:\/\/gluecksspiel-berlin.de\/wp-content\/uploads\/2018\/11\/icons_selbsttest_rot.jpg 1207w\" sizes=\"auto, (max-width: 660px) 100vw, 660px\" \/><\/a><\/p>\n<\/div>\n<div class=\"divider\"><\/div>\n","protected":false},"excerpt":{"rendered":"","protected":false},"author":6,"featured_media":0,"parent":0,"menu_order":20,"comment_status":"closed","ping_status":"closed","template":"page-templates\/full-width.php","meta":{"footnotes":""},"class_list":["post-1149","page","type-page","status-publish","hentry"],"_links":{"self":[{"href":"https:\/\/gluecksspiel-berlin.de\/pl\/wp-json\/wp\/v2\/pages\/1149","targetHints":{"allow":["GET"]}}],"collection":[{"href":"https:\/\/gluecksspiel-berlin.de\/pl\/wp-json\/wp\/v2\/pages"}],"about":[{"href":"https:\/\/gluecksspiel-berlin.de\/pl\/wp-json\/wp\/v2\/types\/page"}],"author":[{"embeddable":true,"href":"https:\/\/gluecksspiel-berlin.de\/pl\/wp-json\/wp\/v2\/users\/6"}],"replies":[{"embeddable":true,"href":"https:\/\/gluecksspiel-berlin.de\/pl\/wp-json\/wp\/v2\/comments?post=1149"}],"version-history":[{"count":4,"href":"https:\/\/gluecksspiel-berlin.de\/pl\/wp-json\/wp\/v2\/pages\/1149\/revisions"}],"predecessor-version":[{"id":1223,"href":"https:\/\/gluecksspiel-berlin.de\/pl\/wp-json\/wp\/v2\/pages\/1149\/revisions\/1223"}],"wp:attachment":[{"href":"https:\/\/gluecksspiel-berlin.de\/pl\/wp-json\/wp\/v2\/media?parent=1149"}],"curies":[{"name":"wp","href":"https:\/\/api.w.org\/{rel}","templated":true}]}}