{"id":1058,"date":"2018-09-14T13:38:15","date_gmt":"2018-09-14T11:38:15","guid":{"rendered":"https:\/\/fip-gluecksspiel.de\/kontakt\/"},"modified":"2020-06-25T13:58:54","modified_gmt":"2020-06-25T11:58:54","slug":"kontakt","status":"publish","type":"page","link":"https:\/\/gluecksspiel-berlin.de\/pl\/kontakt\/","title":{"rendered":"Kontakt"},"content":{"rendered":"<h2>Caf\u00e9 Beispiellos Mobil<br \/>\nG\u0142\u00f3wny temat: Hazardzi\u015bci ze \u015brodowisk imigranckich<\/h2>\n<div class=\"two-columns-one\">\n<h3>Punkt kontaktowy<\/h3>\n<p>Urbanstra\u00dfe 70<br \/>\n10967 Berlin<br \/>\nE-Mail: cafe.beispiellos.mobil@caritas-berlin.de<\/p>\n<p><strong>Telefon<\/strong>: 030 &#8211; 6 66 33 590<\/p>\n<\/div>\n<div class=\"two-columns-one last\">\n<\/div>\n<div class=\"divider\"><\/div>\n<h2>Osoba do kontaktu:<\/h2>\n<div class=\"two-columns-one\">\n<h3>Herr Dimitrij M\u00fcller<\/h3>\n<p><strong>Mobil: <span class=\"UnnamedStyle2000008__Char\">0162 27 45 612<\/span><\/strong><\/p>\n<\/div>\n<div class=\"two-columns-one last\">\n<h3>Shadi Alsaadi<\/h3>\n<p><strong>Mobil: 0173 56 53 622<br \/>\n<\/strong><\/p>\n<\/div>\n<div class=\"divider\"><\/div>\n<p>[spoiler title=&#8217;Opis trasy&#8217; style=&#8217;default&#8217; collapse_link=&#8217;true&#8217;]Ze stacji metra Hermannplatz nale\u017cy i\u015b\u0107 w kierunku domu handlowego Karstadt, nast\u0119pnie ca\u0142y czas prosto, obok Sparkasse i Papertwins (Copyshop). Potem prosto, a\u017c do naszego biura na Urbanstr. 70, kt\u00f3re znajduje si\u0119 po lewej stronie. Nasz lokal z witryn\u0105 znajduje si\u0119 na parterze, dlatego z ulicy wchodzi si\u0119 wprost do biura.[\/spoiler]<\/p>\n","protected":false},"excerpt":{"rendered":"<p>Caf\u00e9 Beispiellos Mobil G\u0142\u00f3wny temat: Hazardzi\u015bci ze \u015brodowisk imigranckich Osoba do kontaktu: [spoiler title=&#8217;Opis trasy&#8217; style=&#8217;default&#8217; collapse_link=&#8217;true&#8217;]Ze stacji metra Hermannplatz nale\u017cy i\u015b\u0107 w kierunku domu handlowego Karstadt, nast\u0119pnie ca\u0142y czas&hellip; <a class=\"excerpt-more-link\" href=\"https:\/\/gluecksspiel-berlin.de\/pl\/kontakt\/\">Read More<\/a><\/p>\n","protected":false},"author":6,"featured_media":0,"parent":0,"menu_order":50,"comment_status":"closed","ping_status":"closed","template":"page-templates\/no-sidebar.php","meta":{"footnotes":""},"class_list":["post-1058","page","type-page","status-publish","hentry"],"_links":{"self":[{"href":"https:\/\/gluecksspiel-berlin.de\/pl\/wp-json\/wp\/v2\/pages\/1058","targetHints":{"allow":["GET"]}}],"collection":[{"href":"https:\/\/gluecksspiel-berlin.de\/pl\/wp-json\/wp\/v2\/pages"}],"about":[{"href":"https:\/\/gluecksspiel-berlin.de\/pl\/wp-json\/wp\/v2\/types\/page"}],"author":[{"embeddable":true,"href":"https:\/\/gluecksspiel-berlin.de\/pl\/wp-json\/wp\/v2\/users\/6"}],"replies":[{"embeddable":true,"href":"https:\/\/gluecksspiel-berlin.de\/pl\/wp-json\/wp\/v2\/comments?post=1058"}],"version-history":[{"count":10,"href":"https:\/\/gluecksspiel-berlin.de\/pl\/wp-json\/wp\/v2\/pages\/1058\/revisions"}],"predecessor-version":[{"id":2071,"href":"https:\/\/gluecksspiel-berlin.de\/pl\/wp-json\/wp\/v2\/pages\/1058\/revisions\/2071"}],"wp:attachment":[{"href":"https:\/\/gluecksspiel-berlin.de\/pl\/wp-json\/wp\/v2\/media?parent=1058"}],"curies":[{"name":"wp","href":"https:\/\/api.w.org\/{rel}","templated":true}]}}