{"id":1030,"date":"2018-11-23T09:36:40","date_gmt":"2018-11-23T08:36:40","guid":{"rendered":"https:\/\/fip-gluecksspiel.de\/gluecksspielgesetze\/"},"modified":"2019-01-31T17:52:22","modified_gmt":"2019-01-31T16:52:22","slug":"gluecksspielgesetze","status":"publish","type":"page","link":"https:\/\/gluecksspiel-berlin.de\/pl\/gluecksspielgesetze\/","title":{"rendered":"Ustawy o grach hazardowych"},"content":{"rendered":"<ul>\n<li>Umowa pa\u0144stwowa w sprawie gier losowych<br \/>\n<a href=\"http:\/\/gesetze.berlin.de\/jportal\/portal\/t\/m4e\/page\/bsbeprod.psml?pid=Dokumentanzeige&amp;showdoccase=1&amp;js_peid=Trefferliste&amp;documentnumber=1&amp;numberofresults=1&amp;fromdoctodoc=yes&amp;doc.id=jlr-Gl%C3%BCStVtrBE2012rahmen&amp;doc.part=X&amp;doc.price=0.0&amp;doc.hl=1\" target=\"_blank\" rel=\"noopener\">www.gesetze.berlin.de<\/a><\/li>\n<li>Berli\u0144skie przepisy wykonawcze do umowy pa\u0144stwowej w sprawie gier losowych<br \/>\n<a href=\"http:\/\/gesetze.berlin.de\/jportal\/portal\/t\/miq\/page\/bsbeprod.psml?pid=Dokumentanzeige&amp;showdoccase=1&amp;js_peid=Trefferliste&amp;documentnumber=1&amp;numberofresults=1&amp;fromdoctodoc=yes&amp;doc.id=jlr-Gl%C3%BCStVtrAGBE2012rahmen&amp;doc.part=X&amp;doc.price=0.0&amp;doc.hl=1\" target=\"_blank\" rel=\"noopener\">www.gesetze.berlin.de<\/a><\/li>\n<li>Berli\u0144ska ustawa w sprawie lokali z automatami do gry<br \/>\n<a href=\"http:\/\/gesetze.berlin.de\/jportal\/portal\/t\/889\/page\/bsbeprod.psml?pid=Dokumentanzeige&amp;showdoccase=1&amp;js_peid=Trefferliste&amp;documentnumber=1&amp;numberofresults=12&amp;fromdoctodoc=yes&amp;doc.id=jlr-SpielhGBErahmen&amp;doc.part=X&amp;doc.price=0.0&amp;doc.hl=1\" target=\"_blank\" rel=\"noopener\">www.gesetze.berlin.de<\/a><\/li>\n<li>Kodeks karny<br \/>\n<a href=\"https:\/\/www.gesetze-im-internet.de\/stgb\/\" target=\"_blank\" rel=\"noopener\">www.gesetze-im-internet.de<\/a><\/li>\n<li>Ustawa o ochronie ma\u0142oletnich<br \/>\n<a href=\"https:\/\/www.gesetze-im-internet.de\/juschg\/BJNR273000002.html\" target=\"_blank\" rel=\"noopener\">www.gesetze-im-internet.de<\/a><\/li>\n<li>Umowa pa\u0144stwowa w sprawie gier losowych<\/li>\n<\/ul>\n<h2><strong>Cele ustaw<\/strong><\/h2>\n<ul>\n<li>Zapobieganie uzale\u017cnieniom od gier hazardowych<\/li>\n<li>Ochrona m\u0142odzie\u017cy i graczy<\/li>\n<li>Zapobieganie nielegalnym grom hazardowy<\/li>\n<\/ul>\n","protected":false},"excerpt":{"rendered":"<p>Umowa pa\u0144stwowa w sprawie gier losowych www.gesetze.berlin.de Berli\u0144skie przepisy wykonawcze do umowy pa\u0144stwowej w sprawie gier losowych www.gesetze.berlin.de Berli\u0144ska ustawa w sprawie lokali z automatami do gry www.gesetze.berlin.de Kodeks karny&hellip; <a class=\"excerpt-more-link\" href=\"https:\/\/gluecksspiel-berlin.de\/pl\/gluecksspielgesetze\/\">Read More<\/a><\/p>\n","protected":false},"author":6,"featured_media":0,"parent":0,"menu_order":50,"comment_status":"closed","ping_status":"closed","template":"page-templates\/no-sidebar.php","meta":{"footnotes":""},"class_list":["post-1030","page","type-page","status-publish","hentry"],"_links":{"self":[{"href":"https:\/\/gluecksspiel-berlin.de\/pl\/wp-json\/wp\/v2\/pages\/1030","targetHints":{"allow":["GET"]}}],"collection":[{"href":"https:\/\/gluecksspiel-berlin.de\/pl\/wp-json\/wp\/v2\/pages"}],"about":[{"href":"https:\/\/gluecksspiel-berlin.de\/pl\/wp-json\/wp\/v2\/types\/page"}],"author":[{"embeddable":true,"href":"https:\/\/gluecksspiel-berlin.de\/pl\/wp-json\/wp\/v2\/users\/6"}],"replies":[{"embeddable":true,"href":"https:\/\/gluecksspiel-berlin.de\/pl\/wp-json\/wp\/v2\/comments?post=1030"}],"version-history":[{"count":2,"href":"https:\/\/gluecksspiel-berlin.de\/pl\/wp-json\/wp\/v2\/pages\/1030\/revisions"}],"predecessor-version":[{"id":1032,"href":"https:\/\/gluecksspiel-berlin.de\/pl\/wp-json\/wp\/v2\/pages\/1030\/revisions\/1032"}],"wp:attachment":[{"href":"https:\/\/gluecksspiel-berlin.de\/pl\/wp-json\/wp\/v2\/media?parent=1030"}],"curies":[{"name":"wp","href":"https:\/\/api.w.org\/{rel}","templated":true}]}}